{"id":1803,"date":"2021-04-12T14:00:36","date_gmt":"2021-04-12T18:00:36","guid":{"rendered":"http:\/\/superiorflooring.ca\/?page_id=1803"},"modified":"2024-04-15T09:15:09","modified_gmt":"2024-04-15T13:15:09","slug":"wire-brushed","status":"publish","type":"page","link":"https:\/\/superiorflooring.ca\/fr\/wire-brushed\/","title":{"rendered":"Fil bross\u00e9"},"content":{"rendered":"<div data-elementor-type=\"wp-page\" data-elementor-id=\"1803\" class=\"elementor elementor-1803\" data-elementor-post-type=\"page\">\n\t\t\t\t\t\t<section class=\"elementor-section elementor-top-section elementor-element elementor-element-bb92ee1 elementor-section-stretched elementor-section-boxed elementor-section-height-default elementor-section-height-default\" data-id=\"bb92ee1\" data-element_type=\"section\" data-e-type=\"section\" data-settings=\"{&quot;stretch_section&quot;:&quot;section-stretched&quot;,&quot;background_background&quot;:&quot;classic&quot;}\">\n\t\t\t\t\t\t\t<div class=\"elementor-background-overlay\"><\/div>\n\t\t\t\t\t\t\t<div class=\"elementor-container elementor-column-gap-default\">\n\t\t\t\t\t<div class=\"elementor-column elementor-col-100 elementor-top-column elementor-element elementor-element-67e7447\" data-id=\"67e7447\" data-element_type=\"column\" data-e-type=\"column\">\n\t\t\t<div class=\"elementor-widget-wrap elementor-element-populated\">\n\t\t\t\t\t\t\t<\/div>\n\t\t<\/div>\n\t\t\t\t\t<\/div>\n\t\t<\/section>\n\t\t\t\t<section class=\"elementor-section elementor-top-section elementor-element elementor-element-ec2fbaa elementor-section-boxed elementor-section-height-default elementor-section-height-default\" data-id=\"ec2fbaa\" data-element_type=\"section\" data-e-type=\"section\">\n\t\t\t\t\t\t<div class=\"elementor-container elementor-column-gap-default\">\n\t\t\t\t\t<div class=\"elementor-column elementor-col-33 elementor-top-column elementor-element elementor-element-ebb7504\" data-id=\"ebb7504\" data-element_type=\"column\" data-e-type=\"column\">\n\t\t\t<div class=\"elementor-widget-wrap elementor-element-populated\">\n\t\t\t\t\t\t<section class=\"elementor-section elementor-inner-section elementor-element elementor-element-c2b6c98 elementor-section-boxed elementor-section-height-default elementor-section-height-default\" data-id=\"c2b6c98\" data-element_type=\"section\" data-e-type=\"section\">\n\t\t\t\t\t\t<div class=\"elementor-container elementor-column-gap-default\">\n\t\t\t\t\t<div class=\"elementor-column elementor-col-100 elementor-inner-column elementor-element elementor-element-5a7586e\" data-id=\"5a7586e\" data-element_type=\"column\" data-e-type=\"column\">\n\t\t\t<div class=\"elementor-widget-wrap elementor-element-populated\">\n\t\t\t\t\t\t<div class=\"elementor-element elementor-element-8a7c9e2 elementor-widget elementor-widget-text-editor\" data-id=\"8a7c9e2\" data-element_type=\"widget\" data-e-type=\"widget\" data-widget_type=\"text-editor.default\">\n\t\t\t\t\t\t\t\t\t<h4>Processus de machines de pointe et techniques innovantes pour une texture \u00e9poustouflante.<\/h4>\t\t\t\t\t\t\t\t<\/div>\n\t\t\t\t<div class=\"elementor-element elementor-element-a64acce elementor-widget elementor-widget-text-editor\" data-id=\"a64acce\" data-element_type=\"widget\" data-e-type=\"widget\" data-widget_type=\"text-editor.default\">\n\t\t\t\t\t\t\t\t\t<p>Ces planches \u00e0 la brosse m\u00e9tallique ont l&#039;attrait sophistiqu\u00e9 de l&#039;huile p\u00e9n\u00e9trante sans les inconv\u00e9nients de devoir remettre en \u00e9tat le sol toutes les quelques ann\u00e9es.<\/p>\t\t\t\t\t\t\t\t<\/div>\n\t\t\t\t\t<\/div>\n\t\t<\/div>\n\t\t\t\t\t<\/div>\n\t\t<\/section>\n\t\t\t\t<div class=\"elementor-element elementor-element-701401c elementor-widget elementor-widget-shortcode\" data-id=\"701401c\" data-element_type=\"widget\" data-e-type=\"widget\" data-widget_type=\"shortcode.default\">\n\t\t\t\t\t\t\t<div class=\"elementor-shortcode\">    \n    \t<form action=\"https:\/\/superiorflooring.ca\/wp-admin\/admin-ajax.php\" method=\"POST\" id=\"filter\">\n\t\t<div class=\"filter-category\" id=\"texture\">\t\t\n\t\n\t\t\t<h3>Texture<\/h3>\n\t\t\t<label>\n\t\t\t\t<input type=\"checkbox\" name=\"smooth\" value=\"smooth\" \/> Lisse\n\t\t\t<\/label>\n\t\t\t<br\/>\n\t\t\t<label>\n\t\t\t\t<input type=\"checkbox\" name=\"smooth-matte\" value=\"smooth-matte\" \/> Smooth Matte\n\t\t\t<\/label>\n\t\t\t<br\/>\n\t\t\t<label>\n\t\t\t\t<input type=\"checkbox\" name=\"wire-brushed\" value=\"wire-brushed\"\/> Bross\u00e9 m\u00e9tallique\n\t\t\t<\/label>\n\t\t\t<br\/>\t\n\t\t\t<label>\n\t\t\t\t<input type=\"checkbox\" name=\"hand-scraped\" value=\"hand-scraped\" \/> Gratt\u00e9 \u00e0 la main\n\t\t\t<\/label>\t\n\t\t<\/div>\n\t\t<div class=\"filter-category\">\t\n\t\t\t<h3>Grade<\/h3>\n\t\t\t<label>\n\t\t\t\t<input type=\"checkbox\" name=\"premier\" value=\"premier\" \/> Premier\n\t\t\t<\/label>\n\t\t\t<br\/>\n\t\t\t<label>\n\t\t\t\t<input type=\"checkbox\" name=\"select\" value=\"select\" \/> S\u00e9lectionner\n\t\t\t<\/label>\n\t\t\t<br\/>\t\n\t\t\t<label>\n\t\t\t\t<input type=\"checkbox\" name=\"heritage\" value=\"heritage\" \/> Patrimoine\n\t\t\t<\/label>\n\t\t<\/div>\n\t\t<div class=\"filter-category\">\t\n\t\t\t<h3>Esp\u00e8ces<\/h3>\n\t\t\t<label>\n\t\t\t\t<input type=\"checkbox\" name=\"ash\" value=\"ash\" \/> Cendre \n\t\t\t<\/label>\n\t\t\t<br\/>\n\t\t\t<label>\n\t\t\t\t<input type=\"checkbox\" name=\"hickory\" value=\"hickory\" \/> Hickory\n\t\t\t<\/label>\n\t\t\t<br\/>\t\n\t\t\t<label>\n\t\t\t\t<input type=\"checkbox\" name=\"maple\" value=\"maple\" \/> \u00c9rable\n\t\t\t<\/label>\n\t\t\t<br\/>\t\n\t\t\t<label>\n\t\t\t\t<input type=\"checkbox\" name=\"oak\" value=\"oak\" \/> Ch\u00eane\n\t\t\t<\/label>\n\t\t\t<br\/>\n\t\t\t<label>\n\t\t\t\t<input type=\"checkbox\" name=\"red-oak\" value=\"red-oak\" \/> ch\u00eane rouge\n\t\t\t<\/label>\n\t\t\t<br\/>\n\t\t\t<label>\n\t\t\t\t<input type=\"checkbox\" name=\"white-oak\" value=\"white-oak\" \/> ch\u00eane blanc\n\t\t\t<\/label>\n\t\t<\/div>\n\n\t\t<div class=\"filter-category\">\t\n\t\t\t<h3>Plate-forme<\/h3>\n\t\t\t<label>\n\t\t\t\t<input type=\"checkbox\" name=\"solid-hardwood\" value=\"solid-hardwood\" \/> Bois dur massif \n\t\t\t<\/label>\n\t\t\t<br\/>\n\t\t\t<label>\n\t\t\t\t<input type=\"checkbox\" name=\"3-4-engineered\" value=\"3-4-engineered\" \/> 3\/4&quot; Con\u00e7u\n\t\t\t<\/label>\n\t\t\t<br\/>\t\n\t\t\t<label>\n\t\t\t\t<input type=\"checkbox\" name=\"enhanced\" value=\"enhanced\" \/> Am\u00e9lior\u00e9\n\t\t\t<\/label>\n\t\t<\/div>\n\t\t\n\t\t<!--<div class=\"filter-category\" id=\"category\">\t\t\n\t\t\t<h3>Collection<\/h3>\n\t\t\t<label>\n\t\t\t\t<input type=\"checkbox\" name=\"designer\" value=\"designer\" \/> Designer Series\n\t\t\t<\/label>\n\t\t\t<br\/>\n\t\t\t<label>\n\t\t\t\t<input type=\"checkbox\" name=\"uncategorized\" value=\"uncategorized\"\/> Core Collection\n\t\t\t<\/label>\t\n\t\t<\/div>-->\n<!--\n\t\t<div class=\"filter-category\">\t\n\t\t\t<h3>Board Width<\/h3>\n\t\t\t<label>\n\t\t\t\t<input type=\"checkbox\" name=\"2-14\" value=\"2-14\" \/> 2 1\/4\"\n\t\t\t<\/label>\n\t\t\t<br\/>\n\t\t\t<label>\n\t\t\t\t<input type=\"checkbox\" name=\"2-14-4-14\" value=\"2-14-4-14\" \/> 2 1\/4\" & 4 1\/4\"\n\t\t\t<\/label>\n\t\t\t<br\/>\t\n\t\t\t<label>\n\t\t\t\t<input type=\"checkbox\" name=\"3-14\" value=\"3-14\" \/> 3 1\/4\" \n\t\t\t<\/label>\n\t\t\t<br\/>\n\t\t\t<label>\n\t\t\t\t<input type=\"checkbox\" name=\"4-14\" value=\"4-14\" \/> 4 1\/4\"\n\t\t\t<\/label>\n\t\t\t<br\/>\t\n\t\t\t<label>\n\t\t\t\t<input type=\"checkbox\" name=\"5-316\" value=\"5-316\" \/> 5 3\/16\"\n\t\t\t<\/label>\n\t\t\t<br\/>\t\n\t\t\t<label>\n\t\t\t\t<input type=\"checkbox\" name=\"5\" value=\"5\" \/> 5\"\n\t\t\t<\/label>\n\t\t\t<br\/>\t\n\t\t\t<label>\n\t\t\t\t<input type=\"checkbox\" name=\"6\" value=\"6\" \/> 6\"\n\t\t\t<\/label>\t\n\t\t\t<br\/>\t\n\t\t\t<label>\n\t\t\t\t<input type=\"checkbox\" name=\"7\" value=\"7\" \/> 7\" \n\t\t\t<\/label>\n\t\t<\/div>\n-->\n\n\t\t<button class=\"filterBtn trigger\">Appliquer des filtres<\/button> <button class=\"filterBtn\" onclick=\"window.location.href=window.location.href\">R\u00e9initialiser les filtres<\/button>\t\n\n\t\t<input type=\"hidden\" name=\"action\" value=\"product_filter\">\n\t<\/form>\n\n\t<script>\n\tjQuery(function($){\n\t\t$('#filter').submit(function(){\n\t\t\tvar filter = $('#filter');\n\t\t\t$.ajax({\n\t\t\t\turl:filter.attr('action'),\n\t\t\t\tdata:filter.serialize(), \/\/ form data\n\t\t\t\ttype:filter.attr('method'), \/\/ POST\n\t\t\t\tbeforeSend:function(xhr){\n\t\t\t\t\tfilter.find('.trigger').text('Searching...'); \/\/ changing the button label\n\t\t\t\t},\n\t\t\t\tsuccess:function(data){\n\t\t\t\t\tfilter.find('.trigger').text('Apply filter'); \/\/ changing the button label back\n\t\t\t\t\t$('#response').html(data); \/\/ insert data\n\t\t\t\t}\n\t\t\t});\n\t\t\treturn false;\n\t\t});\n\t});\n\t<\/script>\n\n\t<\/div>\n\t\t\t\t\t\t<\/div>\n\t\t\t\t<div class=\"elementor-element elementor-element-385ffab elementor-widget elementor-widget-template\" data-id=\"385ffab\" data-element_type=\"widget\" data-e-type=\"widget\" data-widget_type=\"template.default\">\n\t\t\t\t<div class=\"elementor-widget-container\">\n\t\t\t\t\t\t\t<div class=\"elementor-template\">\n\t\t\t\t\t<div data-elementor-type=\"section\" data-elementor-id=\"7224\" class=\"elementor elementor-7224\" data-elementor-post-type=\"elementor_library\">\n\t\t\t<div class=\"elementor-element elementor-element-8478982 e-con-full e-flex e-con e-parent\" data-id=\"8478982\" data-element_type=\"container\" data-e-type=\"container\" data-settings=\"{&quot;background_background&quot;:&quot;classic&quot;}\">\n\t\t<div class=\"elementor-element elementor-element-dff8260 e-con-full e-flex e-con e-child\" data-id=\"dff8260\" data-element_type=\"container\" data-e-type=\"container\" data-settings=\"{&quot;background_background&quot;:&quot;classic&quot;}\">\n\t\t\t\t<div class=\"elementor-element elementor-element-8367e24 elementor-widget elementor-widget-heading\" data-id=\"8367e24\" data-element_type=\"widget\" data-e-type=\"widget\" data-widget_type=\"heading.default\">\n\t\t\t\t\t<h2 class=\"elementor-heading-title elementor-size-default\">Gratuit<br>\u00c9chantillons<\/h2>\t\t\t\t<\/div>\n\t\t\t\t<div class=\"elementor-element elementor-element-57aaa15 elementor-widget elementor-widget-heading\" data-id=\"57aaa15\" data-element_type=\"widget\" data-e-type=\"widget\" data-widget_type=\"heading.default\">\n\t\t\t\t\t<h2 class=\"elementor-heading-title elementor-size-default\">Trouvez le sol parfait pour votre espace.<\/h2>\t\t\t\t<\/div>\n\t\t\t\t<div class=\"elementor-element elementor-element-068a22e elementor-widget elementor-widget-image\" data-id=\"068a22e\" data-element_type=\"widget\" data-e-type=\"widget\" data-widget_type=\"image.default\">\n\t\t\t\t\t\t\t\t\t\t\t\t\t\t\t<img fetchpriority=\"high\" decoding=\"async\" width=\"1024\" height=\"683\" src=\"https:\/\/superiorflooring.ca\/wp-content\/uploads\/2024\/04\/AdobeStock_418913138-1024x683.jpg\" class=\"attachment-large size-large wp-image-7178\" alt=\"\" srcset=\"https:\/\/superiorflooring.ca\/wp-content\/uploads\/2024\/04\/AdobeStock_418913138-1024x683.jpg 1024w, https:\/\/superiorflooring.ca\/wp-content\/uploads\/2024\/04\/AdobeStock_418913138-300x200.jpg 300w, https:\/\/superiorflooring.ca\/wp-content\/uploads\/2024\/04\/AdobeStock_418913138-768x512.jpg 768w, https:\/\/superiorflooring.ca\/wp-content\/uploads\/2024\/04\/AdobeStock_418913138-1536x1025.jpg 1536w, https:\/\/superiorflooring.ca\/wp-content\/uploads\/2024\/04\/AdobeStock_418913138-600x400.jpg 600w, https:\/\/superiorflooring.ca\/wp-content\/uploads\/2024\/04\/AdobeStock_418913138.jpg 2000w\" sizes=\"(max-width: 1024px) 100vw, 1024px\" \/>\t\t\t\t\t\t\t\t\t\t\t\t\t\t\t<\/div>\n\t\t\t\t<\/div>\n\t\t\t\t<\/div>\n\t\t\t\t<\/div>\n\t\t\t\t<\/div>\n\t\t\t\t\t\t<\/div>\n\t\t\t\t<\/div>\n\t\t\t\t\t<\/div>\n\t\t<\/div>\n\t\t\t\t<div class=\"elementor-column elementor-col-66 elementor-top-column elementor-element elementor-element-91bb02b\" data-id=\"91bb02b\" data-element_type=\"column\" data-e-type=\"column\">\n\t\t\t<div class=\"elementor-widget-wrap elementor-element-populated\">\n\t\t\t\t\t\t<div class=\"elementor-element elementor-element-d7f8823 elementor-widget elementor-widget-shortcode\" data-id=\"d7f8823\" data-element_type=\"widget\" data-e-type=\"widget\" id=\"response\" data-widget_type=\"shortcode.default\">\n\t\t\t\t\t\t\t<div class=\"elementor-shortcode\"><div id=\"ajax-load-more\" class=\"ajax-load-more-wrap infinite ring\" data-id=\"6689210046\" data-alm-id=\"\" data-canonical-url=\"https:\/\/superiorflooring.ca\/fr\/wire-brushed\/\" data-slug=\"wire-brushed\" data-post-id=\"1803\"  data-localized=\"ajax_load_more_6689210046_vars\" data-alm-object=\"ajax_load_more_6689210046\"><div aria-live=\"polite\" aria-atomic=\"true\" class=\"alm-listing alm-ajax\" data-container-type=\"div\" data-loading-style=\"infinite ring\" data-repeater=\"default\" data-post-type=\"product_variation\" data-meta-key=\"_hidden:attribute_pa_texture\" data-meta-value=\"yes:wire-brushed\" data-meta-compare=\"IN:IN\" data-meta-relation=\"AND\" data-meta-type=\"CHAR:CHAR\" data-order=\"DESC\" data-orderby=\"date\" data-offset=\"0\" data-posts-per-page=\"12\" data-pause-override=\"true\" data-button-label=\"Load More\" data-button-done-label=\"There are no more products...\" data-prev-button-label=\"Load Previous\" data-images-loaded=\"true\"><\/div><div class=\"alm-btn-wrap\" data-rel=\"ajax-load-more\"><button class=\"alm-load-more-btn listingButton\" type=\"button\">Charger plus<\/button><\/div><\/div>\n\n\n<\/div>\n\t\t\t\t\t\t<\/div>\n\t\t\t\t\t<\/div>\n\t\t<\/div>\n\t\t\t\t\t<\/div>\n\t\t<\/section>\n\t\t\t\t<\/div>","protected":false},"excerpt":{"rendered":"<p>Processus de machines de pointe et techniques innovantes pour une texture \u00e9poustouflante. Ces planches bross\u00e9es ont un attrait sophistiqu\u00e9\u2026<\/p>","protected":false},"author":1,"featured_media":0,"parent":0,"menu_order":0,"comment_status":"closed","ping_status":"closed","template":"elementor_header_footer","meta":{"site-sidebar-layout":"no-sidebar","site-content-layout":"page-builder","ast-site-content-layout":"","site-content-style":"default","site-sidebar-style":"default","ast-global-header-display":"","ast-banner-title-visibility":"","ast-main-header-display":"","ast-hfb-above-header-display":"","ast-hfb-below-header-display":"","ast-hfb-mobile-header-display":"","site-post-title":"disabled","ast-breadcrumbs-content":"","ast-featured-img":"disabled","footer-sml-layout":"","theme-transparent-header-meta":"default","adv-header-id-meta":"","stick-header-meta":"","header-above-stick-meta":"","header-main-stick-meta":"","header-below-stick-meta":"","astra-migrate-meta-layouts":"default","ast-page-background-enabled":"default","ast-page-background-meta":{"desktop":{"background-color":"","background-image":"","background-repeat":"repeat","background-position":"center center","background-size":"auto","background-attachment":"scroll","background-type":"","background-media":"","overlay-type":"","overlay-color":"","overlay-opacity":"","overlay-gradient":""},"tablet":{"background-color":"","background-image":"","background-repeat":"repeat","background-position":"center center","background-size":"auto","background-attachment":"scroll","background-type":"","background-media":"","overlay-type":"","overlay-color":"","overlay-opacity":"","overlay-gradient":""},"mobile":{"background-color":"","background-image":"","background-repeat":"repeat","background-position":"center center","background-size":"auto","background-attachment":"scroll","background-type":"","background-media":"","overlay-type":"","overlay-color":"","overlay-opacity":"","overlay-gradient":""}},"ast-content-background-meta":{"desktop":{"background-color":"var(--ast-global-color-5)","background-image":"","background-repeat":"repeat","background-position":"center center","background-size":"auto","background-attachment":"scroll","background-type":"","background-media":"","overlay-type":"","overlay-color":"","overlay-opacity":"","overlay-gradient":""},"tablet":{"background-color":"var(--ast-global-color-5)","background-image":"","background-repeat":"repeat","background-position":"center center","background-size":"auto","background-attachment":"scroll","background-type":"","background-media":"","overlay-type":"","overlay-color":"","overlay-opacity":"","overlay-gradient":""},"mobile":{"background-color":"var(--ast-global-color-5)","background-image":"","background-repeat":"repeat","background-position":"center center","background-size":"auto","background-attachment":"scroll","background-type":"","background-media":"","overlay-type":"","overlay-color":"","overlay-opacity":"","overlay-gradient":""}},"footnotes":""},"class_list":["post-1803","page","type-page","status-publish","hentry"],"yoast_head":"<!-- This site is optimized with the Yoast SEO plugin v27.4 - https:\/\/yoast.com\/product\/yoast-seo-wordpress\/ -->\n<title>Wire-Brushed - Superior Flooring<\/title>\n<meta name=\"robots\" content=\"index, follow, max-snippet:-1, max-image-preview:large, max-video-preview:-1\" \/>\n<link rel=\"canonical\" href=\"https:\/\/superiorflooring.ca\/fr\/wire-brushed\/\" \/>\n<meta property=\"og:locale\" content=\"fr_CA\" \/>\n<meta property=\"og:type\" content=\"article\" \/>\n<meta property=\"og:title\" content=\"Wire-Brushed - Superior Flooring\" \/>\n<meta property=\"og:description\" content=\"State-of-the-art machinery process and innovative techniques for stunning texture. These wire-brushed boards have the sophisticated appeal...\" \/>\n<meta property=\"og:url\" content=\"https:\/\/superiorflooring.ca\/fr\/wire-brushed\/\" \/>\n<meta property=\"og:site_name\" content=\"Superior Flooring\" \/>\n<meta property=\"article:modified_time\" content=\"2024-04-15T13:15:09+00:00\" \/>\n<meta name=\"twitter:card\" content=\"summary_large_image\" \/>\n<meta name=\"twitter:label1\" content=\"Estimation du temps de lecture\" \/>\n\t<meta name=\"twitter:data1\" content=\"1 minute\" \/>\n<script type=\"application\/ld+json\" class=\"yoast-schema-graph\">{\"@context\":\"https:\\\/\\\/schema.org\",\"@graph\":[{\"@type\":\"WebPage\",\"@id\":\"https:\\\/\\\/superiorflooring.ca\\\/wire-brushed\\\/\",\"url\":\"https:\\\/\\\/superiorflooring.ca\\\/wire-brushed\\\/\",\"name\":\"Wire-Brushed - Superior Flooring\",\"isPartOf\":{\"@id\":\"https:\\\/\\\/superiorflooring.ca\\\/#website\"},\"datePublished\":\"2021-04-12T18:00:36+00:00\",\"dateModified\":\"2024-04-15T13:15:09+00:00\",\"breadcrumb\":{\"@id\":\"https:\\\/\\\/superiorflooring.ca\\\/wire-brushed\\\/#breadcrumb\"},\"inLanguage\":\"fr-CA\",\"potentialAction\":[{\"@type\":\"ReadAction\",\"target\":[\"https:\\\/\\\/superiorflooring.ca\\\/wire-brushed\\\/\"]}]},{\"@type\":\"BreadcrumbList\",\"@id\":\"https:\\\/\\\/superiorflooring.ca\\\/wire-brushed\\\/#breadcrumb\",\"itemListElement\":[{\"@type\":\"ListItem\",\"position\":1,\"name\":\"Home\",\"item\":\"https:\\\/\\\/superiorflooring.ca\\\/\"},{\"@type\":\"ListItem\",\"position\":2,\"name\":\"Wire-Brushed\"}]},{\"@type\":\"WebSite\",\"@id\":\"https:\\\/\\\/superiorflooring.ca\\\/#website\",\"url\":\"https:\\\/\\\/superiorflooring.ca\\\/\",\"name\":\"Superior Flooring\",\"description\":\"North American Wood Flooring Products\",\"publisher\":{\"@id\":\"https:\\\/\\\/superiorflooring.ca\\\/#organization\"},\"potentialAction\":[{\"@type\":\"SearchAction\",\"target\":{\"@type\":\"EntryPoint\",\"urlTemplate\":\"https:\\\/\\\/superiorflooring.ca\\\/?s={search_term_string}\"},\"query-input\":{\"@type\":\"PropertyValueSpecification\",\"valueRequired\":true,\"valueName\":\"search_term_string\"}}],\"inLanguage\":\"fr-CA\"},{\"@type\":\"Organization\",\"@id\":\"https:\\\/\\\/superiorflooring.ca\\\/#organization\",\"name\":\"Superior Flooring\",\"url\":\"https:\\\/\\\/superiorflooring.ca\\\/\",\"logo\":{\"@type\":\"ImageObject\",\"inLanguage\":\"fr-CA\",\"@id\":\"https:\\\/\\\/superiorflooring.ca\\\/#\\\/schema\\\/logo\\\/image\\\/\",\"url\":\"https:\\\/\\\/www.superiorflooring.ca\\\/wp-content\\\/uploads\\\/2021\\\/01\\\/cropped-footer_logo.png\",\"contentUrl\":\"https:\\\/\\\/www.superiorflooring.ca\\\/wp-content\\\/uploads\\\/2021\\\/01\\\/cropped-footer_logo.png\",\"width\":512,\"height\":512,\"caption\":\"Superior Flooring\"},\"image\":{\"@id\":\"https:\\\/\\\/superiorflooring.ca\\\/#\\\/schema\\\/logo\\\/image\\\/\"}}]}<\/script>\n<!-- \/ Yoast SEO plugin. -->","yoast_head_json":{"title":"Wire-Brushed - Superior Flooring","robots":{"index":"index","follow":"follow","max-snippet":"max-snippet:-1","max-image-preview":"max-image-preview:large","max-video-preview":"max-video-preview:-1"},"canonical":"https:\/\/superiorflooring.ca\/fr\/wire-brushed\/","og_locale":"fr_CA","og_type":"article","og_title":"Wire-Brushed - Superior Flooring","og_description":"State-of-the-art machinery process and innovative techniques for stunning texture. These wire-brushed boards have the sophisticated appeal...","og_url":"https:\/\/superiorflooring.ca\/fr\/wire-brushed\/","og_site_name":"Superior Flooring","article_modified_time":"2024-04-15T13:15:09+00:00","twitter_card":"summary_large_image","twitter_misc":{"Estimation du temps de lecture":"1 minute"},"schema":{"@context":"https:\/\/schema.org","@graph":[{"@type":"WebPage","@id":"https:\/\/superiorflooring.ca\/wire-brushed\/","url":"https:\/\/superiorflooring.ca\/wire-brushed\/","name":"Wire-Brushed - Superior Flooring","isPartOf":{"@id":"https:\/\/superiorflooring.ca\/#website"},"datePublished":"2021-04-12T18:00:36+00:00","dateModified":"2024-04-15T13:15:09+00:00","breadcrumb":{"@id":"https:\/\/superiorflooring.ca\/wire-brushed\/#breadcrumb"},"inLanguage":"fr-CA","potentialAction":[{"@type":"ReadAction","target":["https:\/\/superiorflooring.ca\/wire-brushed\/"]}]},{"@type":"BreadcrumbList","@id":"https:\/\/superiorflooring.ca\/wire-brushed\/#breadcrumb","itemListElement":[{"@type":"ListItem","position":1,"name":"Home","item":"https:\/\/superiorflooring.ca\/"},{"@type":"ListItem","position":2,"name":"Wire-Brushed"}]},{"@type":"WebSite","@id":"https:\/\/superiorflooring.ca\/#website","url":"https:\/\/superiorflooring.ca\/","name":"Superior Flooring","description":"North American Wood Flooring Products","publisher":{"@id":"https:\/\/superiorflooring.ca\/#organization"},"potentialAction":[{"@type":"SearchAction","target":{"@type":"EntryPoint","urlTemplate":"https:\/\/superiorflooring.ca\/?s={search_term_string}"},"query-input":{"@type":"PropertyValueSpecification","valueRequired":true,"valueName":"search_term_string"}}],"inLanguage":"fr-CA"},{"@type":"Organization","@id":"https:\/\/superiorflooring.ca\/#organization","name":"Superior Flooring","url":"https:\/\/superiorflooring.ca\/","logo":{"@type":"ImageObject","inLanguage":"fr-CA","@id":"https:\/\/superiorflooring.ca\/#\/schema\/logo\/image\/","url":"https:\/\/www.superiorflooring.ca\/wp-content\/uploads\/2021\/01\/cropped-footer_logo.png","contentUrl":"https:\/\/www.superiorflooring.ca\/wp-content\/uploads\/2021\/01\/cropped-footer_logo.png","width":512,"height":512,"caption":"Superior Flooring"},"image":{"@id":"https:\/\/superiorflooring.ca\/#\/schema\/logo\/image\/"}}]}},"_links":{"self":[{"href":"https:\/\/superiorflooring.ca\/fr\/wp-json\/wp\/v2\/pages\/1803","targetHints":{"allow":["GET"]}}],"collection":[{"href":"https:\/\/superiorflooring.ca\/fr\/wp-json\/wp\/v2\/pages"}],"about":[{"href":"https:\/\/superiorflooring.ca\/fr\/wp-json\/wp\/v2\/types\/page"}],"author":[{"embeddable":true,"href":"https:\/\/superiorflooring.ca\/fr\/wp-json\/wp\/v2\/users\/1"}],"replies":[{"embeddable":true,"href":"https:\/\/superiorflooring.ca\/fr\/wp-json\/wp\/v2\/comments?post=1803"}],"version-history":[{"count":0,"href":"https:\/\/superiorflooring.ca\/fr\/wp-json\/wp\/v2\/pages\/1803\/revisions"}],"wp:attachment":[{"href":"https:\/\/superiorflooring.ca\/fr\/wp-json\/wp\/v2\/media?parent=1803"}],"curies":[{"name":"wp","href":"https:\/\/api.w.org\/{rel}","templated":true}]}}