{"id":1992,"date":"2021-04-23T11:11:43","date_gmt":"2021-04-23T15:11:43","guid":{"rendered":"http:\/\/superiorflooring.ca\/?page_id=1992"},"modified":"2022-05-03T16:22:07","modified_gmt":"2022-05-03T20:22:07","slug":"our-textures","status":"publish","type":"page","link":"https:\/\/superiorflooring.ca\/fr\/our-textures\/","title":{"rendered":"Nos textures"},"content":{"rendered":"<div data-elementor-type=\"wp-page\" data-elementor-id=\"1992\" class=\"elementor elementor-1992\" data-elementor-post-type=\"page\">\n\t\t\t\t\t\t<section class=\"elementor-section elementor-top-section elementor-element elementor-element-8fa1007 elementor-section-stretched elementor-section-boxed elementor-section-height-default elementor-section-height-default\" data-id=\"8fa1007\" data-element_type=\"section\" data-e-type=\"section\" data-settings=\"{&quot;stretch_section&quot;:&quot;section-stretched&quot;,&quot;background_background&quot;:&quot;classic&quot;}\">\n\t\t\t\t\t\t\t<div class=\"elementor-background-overlay\"><\/div>\n\t\t\t\t\t\t\t<div class=\"elementor-container elementor-column-gap-default\">\n\t\t\t\t\t<div class=\"elementor-column elementor-col-100 elementor-top-column elementor-element elementor-element-b42170e\" data-id=\"b42170e\" data-element_type=\"column\" data-e-type=\"column\">\n\t\t\t<div class=\"elementor-widget-wrap elementor-element-populated\">\n\t\t\t\t\t\t<div class=\"elementor-element elementor-element-db6b7fc elementor-widget elementor-widget-heading\" data-id=\"db6b7fc\" data-element_type=\"widget\" data-e-type=\"widget\" data-widget_type=\"heading.default\">\n\t\t\t\t\t<h1 class=\"elementor-heading-title elementor-size-default\">Sup\u00e9rieur<br>Textures<\/h1>\t\t\t\t<\/div>\n\t\t\t\t\t<\/div>\n\t\t<\/div>\n\t\t\t\t\t<\/div>\n\t\t<\/section>\n\t\t\t\t<section class=\"elementor-section elementor-top-section elementor-element elementor-element-c0746b5 elementor-section-boxed elementor-section-height-default elementor-section-height-default\" data-id=\"c0746b5\" data-element_type=\"section\" data-e-type=\"section\">\n\t\t\t\t\t\t<div class=\"elementor-container elementor-column-gap-default\">\n\t\t\t\t\t<div class=\"elementor-column elementor-col-100 elementor-top-column elementor-element elementor-element-d693764\" data-id=\"d693764\" data-element_type=\"column\" data-e-type=\"column\">\n\t\t\t<div class=\"elementor-widget-wrap elementor-element-populated\">\n\t\t\t\t\t\t<div class=\"elementor-element elementor-element-2a9ca87 elementor-widget elementor-widget-spacer\" data-id=\"2a9ca87\" data-element_type=\"widget\" data-e-type=\"widget\" data-widget_type=\"spacer.default\">\n\t\t\t\t\t\t\t<div class=\"elementor-spacer\">\n\t\t\t<div class=\"elementor-spacer-inner\"><\/div>\n\t\t<\/div>\n\t\t\t\t\t\t<\/div>\n\t\t\t\t<div class=\"elementor-element elementor-element-45b6b17 elementor-widget elementor-widget-heading\" data-id=\"45b6b17\" data-element_type=\"widget\" data-e-type=\"widget\" data-widget_type=\"heading.default\">\n\t\t\t\t\t<h2 class=\"elementor-heading-title elementor-size-default\">3 textures, looks illimit\u00e9s<\/h2>\t\t\t\t<\/div>\n\t\t\t\t<div class=\"elementor-element elementor-element-7000f43 elementor-widget elementor-widget-text-editor\" data-id=\"7000f43\" data-element_type=\"widget\" data-e-type=\"widget\" data-widget_type=\"text-editor.default\">\n\t\t\t\t\t\t\t\t\t<p style=\"text-align: center;\">La texture d\u2019un parquet peut compl\u00e8tement changer son apparence et son toucher. Nous proposons trois textures diff\u00e9rentes dans une vari\u00e9t\u00e9 d\u2019essences de bois dur, vous offrant un choix de styles apparemment illimit\u00e9. Du rustique \u00e0 l\u2019ultra-moderne, Superior Flooring offre \u00e0 nos clients un choix in\u00e9gal\u00e9.\u00a0<\/p>\t\t\t\t\t\t\t\t<\/div>\n\t\t\t\t\t<\/div>\n\t\t<\/div>\n\t\t\t\t\t<\/div>\n\t\t<\/section>\n\t\t\t\t<section class=\"elementor-section elementor-top-section elementor-element elementor-element-3cd3d6a elementor-section-content-middle elementor-section-boxed elementor-section-height-default elementor-section-height-default\" data-id=\"3cd3d6a\" data-element_type=\"section\" data-e-type=\"section\" id=\"smoothtexture\">\n\t\t\t\t\t\t<div class=\"elementor-container elementor-column-gap-default\">\n\t\t\t\t\t<div class=\"elementor-column elementor-col-33 elementor-top-column elementor-element elementor-element-7a1f9d2\" data-id=\"7a1f9d2\" data-element_type=\"column\" data-e-type=\"column\">\n\t\t\t<div class=\"elementor-widget-wrap elementor-element-populated\">\n\t\t\t\t\t\t<div class=\"elementor-element elementor-element-7f47d27 elementor-widget elementor-widget-heading\" data-id=\"7f47d27\" data-element_type=\"widget\" data-e-type=\"widget\" data-widget_type=\"heading.default\">\n\t\t\t\t\t<h3 class=\"elementor-heading-title elementor-size-default\">Lisse<\/h3>\t\t\t\t<\/div>\n\t\t\t\t<div class=\"elementor-element elementor-element-5f70c6b elementor-widget elementor-widget-text-editor\" data-id=\"5f70c6b\" data-element_type=\"widget\" data-e-type=\"widget\" data-widget_type=\"text-editor.default\">\n\t\t\t\t\t\t\t\t\t<p>La texture lisse offre la plus grande gamme d\u2019esp\u00e8ces, de couleurs et de qualit\u00e9s au sein de notre famille de produits. Dans cette gamme de produits, il y a une option pour tout le monde.<\/p>\t\t\t\t\t\t\t\t<\/div>\n\t\t\t\t<div class=\"elementor-element elementor-element-a6111f0 elementor-align-center elementor-widget elementor-widget-button\" data-id=\"a6111f0\" data-element_type=\"widget\" data-e-type=\"widget\" data-widget_type=\"button.default\">\n\t\t\t\t\t\t\t\t\t\t<a class=\"elementor-button elementor-button-link elementor-size-md\" href=\"https:\/\/superiorflooring.ca\/smooth\/\">\n\t\t\t\t\t\t<span class=\"elementor-button-content-wrapper\">\n\t\t\t\t\t\t\t\t\t<span class=\"elementor-button-text\">Voir les produits<\/span>\n\t\t\t\t\t<\/span>\n\t\t\t\t\t<\/a>\n\t\t\t\t\t\t\t\t<\/div>\n\t\t\t\t\t<\/div>\n\t\t<\/div>\n\t\t\t\t<div class=\"elementor-column elementor-col-33 elementor-top-column elementor-element elementor-element-fbf7de0\" data-id=\"fbf7de0\" data-element_type=\"column\" data-e-type=\"column\">\n\t\t\t<div class=\"elementor-widget-wrap\">\n\t\t\t\t\t\t\t<\/div>\n\t\t<\/div>\n\t\t\t\t<div class=\"elementor-column elementor-col-33 elementor-top-column elementor-element elementor-element-b30245d\" data-id=\"b30245d\" data-element_type=\"column\" data-e-type=\"column\">\n\t\t\t<div class=\"elementor-widget-wrap elementor-element-populated\">\n\t\t\t\t\t\t<div class=\"elementor-element elementor-element-93a885b elementor-widget elementor-widget-image\" data-id=\"93a885b\" data-element_type=\"widget\" data-e-type=\"widget\" data-widget_type=\"image.default\">\n\t\t\t\t\t\t\t\t\t\t\t\t\t\t\t<img fetchpriority=\"high\" decoding=\"async\" width=\"800\" height=\"404\" src=\"https:\/\/superiorflooring.ca\/wp-content\/uploads\/2021\/05\/original_1.png\" class=\"attachment-large size-large wp-image-2730\" alt=\"\" srcset=\"https:\/\/superiorflooring.ca\/wp-content\/uploads\/2021\/05\/original_1.png 800w, https:\/\/superiorflooring.ca\/wp-content\/uploads\/2021\/05\/original_1-300x152.png 300w, https:\/\/superiorflooring.ca\/wp-content\/uploads\/2021\/05\/original_1-768x388.png 768w, https:\/\/superiorflooring.ca\/wp-content\/uploads\/2021\/05\/original_1-600x303.png 600w\" sizes=\"(max-width: 800px) 100vw, 800px\" \/>\t\t\t\t\t\t\t\t\t\t\t\t\t\t\t<\/div>\n\t\t\t\t\t<\/div>\n\t\t<\/div>\n\t\t\t\t\t<\/div>\n\t\t<\/section>\n\t\t\t\t<section class=\"elementor-section elementor-top-section elementor-element elementor-element-a82eeda elementor-section-content-middle elementor-section-boxed elementor-section-height-default elementor-section-height-default\" data-id=\"a82eeda\" data-element_type=\"section\" data-e-type=\"section\" id=\"wire-brushedtexture\">\n\t\t\t\t\t\t<div class=\"elementor-container elementor-column-gap-default\">\n\t\t\t\t\t<div class=\"elementor-column elementor-col-33 elementor-top-column elementor-element elementor-element-f468f32\" data-id=\"f468f32\" data-element_type=\"column\" data-e-type=\"column\">\n\t\t\t<div class=\"elementor-widget-wrap elementor-element-populated\">\n\t\t\t\t\t\t<div class=\"elementor-element elementor-element-9b83798 elementor-widget elementor-widget-heading\" data-id=\"9b83798\" data-element_type=\"widget\" data-e-type=\"widget\" data-widget_type=\"heading.default\">\n\t\t\t\t\t<h3 class=\"elementor-heading-title elementor-size-default\">Bross\u00e9 m\u00e9tallique<\/h3>\t\t\t\t<\/div>\n\t\t\t\t<div class=\"elementor-element elementor-element-46e90c5 elementor-widget elementor-widget-text-editor\" data-id=\"46e90c5\" data-element_type=\"widget\" data-e-type=\"widget\" data-widget_type=\"text-editor.default\">\n\t\t\t\t\t\t\t\t\t<p>Ces planches \u00e0 la brosse m\u00e9tallique ont l&#039;attrait sophistiqu\u00e9 de l&#039;huile p\u00e9n\u00e9trante sans les inconv\u00e9nients de devoir remettre en \u00e9tat le sol toutes les quelques ann\u00e9es.<\/p>\t\t\t\t\t\t\t\t<\/div>\n\t\t\t\t<div class=\"elementor-element elementor-element-99f89c8 elementor-align-center elementor-widget elementor-widget-button\" data-id=\"99f89c8\" data-element_type=\"widget\" data-e-type=\"widget\" data-widget_type=\"button.default\">\n\t\t\t\t\t\t\t\t\t\t<a class=\"elementor-button elementor-button-link elementor-size-md\" href=\"https:\/\/superiorflooring.ca\/wire-brushed\/\">\n\t\t\t\t\t\t<span class=\"elementor-button-content-wrapper\">\n\t\t\t\t\t\t\t\t\t<span class=\"elementor-button-text\">Voir les produits<\/span>\n\t\t\t\t\t<\/span>\n\t\t\t\t\t<\/a>\n\t\t\t\t\t\t\t\t<\/div>\n\t\t\t\t\t<\/div>\n\t\t<\/div>\n\t\t\t\t<div class=\"elementor-column elementor-col-33 elementor-top-column elementor-element elementor-element-75db875\" data-id=\"75db875\" data-element_type=\"column\" data-e-type=\"column\">\n\t\t\t<div class=\"elementor-widget-wrap\">\n\t\t\t\t\t\t\t<\/div>\n\t\t<\/div>\n\t\t\t\t<div class=\"elementor-column elementor-col-33 elementor-top-column elementor-element elementor-element-976816f\" data-id=\"976816f\" data-element_type=\"column\" data-e-type=\"column\">\n\t\t\t<div class=\"elementor-widget-wrap elementor-element-populated\">\n\t\t\t\t\t\t<div class=\"elementor-element elementor-element-842a16c elementor-widget elementor-widget-image\" data-id=\"842a16c\" data-element_type=\"widget\" data-e-type=\"widget\" data-widget_type=\"image.default\">\n\t\t\t\t\t\t\t\t\t\t\t\t\t\t\t<img decoding=\"async\" width=\"800\" height=\"404\" src=\"https:\/\/superiorflooring.ca\/wp-content\/uploads\/2021\/05\/legend.png\" class=\"attachment-large size-large wp-image-2729\" alt=\"\" srcset=\"https:\/\/superiorflooring.ca\/wp-content\/uploads\/2021\/05\/legend.png 800w, https:\/\/superiorflooring.ca\/wp-content\/uploads\/2021\/05\/legend-300x152.png 300w, https:\/\/superiorflooring.ca\/wp-content\/uploads\/2021\/05\/legend-768x388.png 768w, https:\/\/superiorflooring.ca\/wp-content\/uploads\/2021\/05\/legend-600x303.png 600w\" sizes=\"(max-width: 800px) 100vw, 800px\" \/>\t\t\t\t\t\t\t\t\t\t\t\t\t\t\t<\/div>\n\t\t\t\t\t<\/div>\n\t\t<\/div>\n\t\t\t\t\t<\/div>\n\t\t<\/section>\n\t\t\t\t<section class=\"elementor-section elementor-top-section elementor-element elementor-element-34b03f3 elementor-section-content-middle elementor-section-boxed elementor-section-height-default elementor-section-height-default\" data-id=\"34b03f3\" data-element_type=\"section\" data-e-type=\"section\" id=\"hand-scrapedtexture\">\n\t\t\t\t\t\t<div class=\"elementor-container elementor-column-gap-default\">\n\t\t\t\t\t<div class=\"elementor-column elementor-col-33 elementor-top-column elementor-element elementor-element-b660ef2\" data-id=\"b660ef2\" data-element_type=\"column\" data-e-type=\"column\">\n\t\t\t<div class=\"elementor-widget-wrap elementor-element-populated\">\n\t\t\t\t\t\t<div class=\"elementor-element elementor-element-a45678c elementor-widget elementor-widget-heading\" data-id=\"a45678c\" data-element_type=\"widget\" data-e-type=\"widget\" data-widget_type=\"heading.default\">\n\t\t\t\t\t<h3 class=\"elementor-heading-title elementor-size-default\">Gratt\u00e9 \u00e0 la main<\/h3>\t\t\t\t<\/div>\n\t\t\t\t<div class=\"elementor-element elementor-element-3ebdeaf elementor-widget elementor-widget-text-editor\" data-id=\"3ebdeaf\" data-element_type=\"widget\" data-e-type=\"widget\" data-widget_type=\"text-editor.default\">\n\t\t\t\t\t\t\t\t\t<p>Chaque planche est gratt\u00e9e \u00e0 la main, ce qui donne une finition unique et riche en caract\u00e8re. Les caract\u00e9ristiques rustiques de ces planches ne peuvent pas \u00eatre reproduites dans des sols gratt\u00e9s \u00e0 la machine.<\/p>\t\t\t\t\t\t\t\t<\/div>\n\t\t\t\t<div class=\"elementor-element elementor-element-cf614f5 elementor-align-center elementor-widget elementor-widget-button\" data-id=\"cf614f5\" data-element_type=\"widget\" data-e-type=\"widget\" data-widget_type=\"button.default\">\n\t\t\t\t\t\t\t\t\t\t<a class=\"elementor-button elementor-button-link elementor-size-md\" href=\"https:\/\/superiorflooring.ca\/hand-scraped\/\">\n\t\t\t\t\t\t<span class=\"elementor-button-content-wrapper\">\n\t\t\t\t\t\t\t\t\t<span class=\"elementor-button-text\">Voir les produits<\/span>\n\t\t\t\t\t<\/span>\n\t\t\t\t\t<\/a>\n\t\t\t\t\t\t\t\t<\/div>\n\t\t\t\t\t<\/div>\n\t\t<\/div>\n\t\t\t\t<div class=\"elementor-column elementor-col-33 elementor-top-column elementor-element elementor-element-0fbf87f\" data-id=\"0fbf87f\" data-element_type=\"column\" data-e-type=\"column\">\n\t\t\t<div class=\"elementor-widget-wrap\">\n\t\t\t\t\t\t\t<\/div>\n\t\t<\/div>\n\t\t\t\t<div class=\"elementor-column elementor-col-33 elementor-top-column elementor-element elementor-element-d51abdc\" data-id=\"d51abdc\" data-element_type=\"column\" data-e-type=\"column\">\n\t\t\t<div class=\"elementor-widget-wrap elementor-element-populated\">\n\t\t\t\t\t\t<div class=\"elementor-element elementor-element-662ef90 elementor-widget elementor-widget-image\" data-id=\"662ef90\" data-element_type=\"widget\" data-e-type=\"widget\" data-widget_type=\"image.default\">\n\t\t\t\t\t\t\t\t\t\t\t\t\t\t\t<img decoding=\"async\" width=\"800\" height=\"404\" src=\"https:\/\/superiorflooring.ca\/wp-content\/uploads\/2021\/05\/antique_0.png\" class=\"attachment-large size-large wp-image-2713\" alt=\"\" srcset=\"https:\/\/superiorflooring.ca\/wp-content\/uploads\/2021\/05\/antique_0.png 800w, https:\/\/superiorflooring.ca\/wp-content\/uploads\/2021\/05\/antique_0-300x152.png 300w, https:\/\/superiorflooring.ca\/wp-content\/uploads\/2021\/05\/antique_0-768x388.png 768w, https:\/\/superiorflooring.ca\/wp-content\/uploads\/2021\/05\/antique_0-600x303.png 600w\" sizes=\"(max-width: 800px) 100vw, 800px\" \/>\t\t\t\t\t\t\t\t\t\t\t\t\t\t\t<\/div>\n\t\t\t\t\t<\/div>\n\t\t<\/div>\n\t\t\t\t\t<\/div>\n\t\t<\/section>\n\t\t\t\t<\/div>","protected":false},"excerpt":{"rendered":"<p>SuperiorTextures 3 textures, des looks illimit\u00e9s La texture d&#039;un plancher de bois franc peut compl\u00e8tement changer son aspect\u2026<\/p>","protected":false},"author":1,"featured_media":0,"parent":0,"menu_order":0,"comment_status":"closed","ping_status":"closed","template":"elementor_header_footer","meta":{"site-sidebar-layout":"no-sidebar","site-content-layout":"page-builder","ast-site-content-layout":"","site-content-style":"default","site-sidebar-style":"default","ast-global-header-display":"","ast-banner-title-visibility":"","ast-main-header-display":"","ast-hfb-above-header-display":"","ast-hfb-below-header-display":"","ast-hfb-mobile-header-display":"","site-post-title":"disabled","ast-breadcrumbs-content":"","ast-featured-img":"disabled","footer-sml-layout":"","theme-transparent-header-meta":"default","adv-header-id-meta":"","stick-header-meta":"","header-above-stick-meta":"","header-main-stick-meta":"","header-below-stick-meta":"","astra-migrate-meta-layouts":"default","ast-page-background-enabled":"default","ast-page-background-meta":{"desktop":{"background-color":"","background-image":"","background-repeat":"repeat","background-position":"center center","background-size":"auto","background-attachment":"scroll","background-type":"","background-media":"","overlay-type":"","overlay-color":"","overlay-opacity":"","overlay-gradient":""},"tablet":{"background-color":"","background-image":"","background-repeat":"repeat","background-position":"center center","background-size":"auto","background-attachment":"scroll","background-type":"","background-media":"","overlay-type":"","overlay-color":"","overlay-opacity":"","overlay-gradient":""},"mobile":{"background-color":"","background-image":"","background-repeat":"repeat","background-position":"center center","background-size":"auto","background-attachment":"scroll","background-type":"","background-media":"","overlay-type":"","overlay-color":"","overlay-opacity":"","overlay-gradient":""}},"ast-content-background-meta":{"desktop":{"background-color":"var(--ast-global-color-5)","background-image":"","background-repeat":"repeat","background-position":"center center","background-size":"auto","background-attachment":"scroll","background-type":"","background-media":"","overlay-type":"","overlay-color":"","overlay-opacity":"","overlay-gradient":""},"tablet":{"background-color":"var(--ast-global-color-5)","background-image":"","background-repeat":"repeat","background-position":"center center","background-size":"auto","background-attachment":"scroll","background-type":"","background-media":"","overlay-type":"","overlay-color":"","overlay-opacity":"","overlay-gradient":""},"mobile":{"background-color":"var(--ast-global-color-5)","background-image":"","background-repeat":"repeat","background-position":"center center","background-size":"auto","background-attachment":"scroll","background-type":"","background-media":"","overlay-type":"","overlay-color":"","overlay-opacity":"","overlay-gradient":""}},"footnotes":""},"class_list":["post-1992","page","type-page","status-publish","hentry"],"yoast_head":"<!-- This site is optimized with the Yoast SEO plugin v27.4 - https:\/\/yoast.com\/product\/yoast-seo-wordpress\/ -->\n<title>Our Textures - Superior Flooring<\/title>\n<meta name=\"robots\" content=\"index, follow, max-snippet:-1, max-image-preview:large, max-video-preview:-1\" \/>\n<link rel=\"canonical\" href=\"https:\/\/superiorflooring.ca\/fr\/our-textures\/\" \/>\n<meta property=\"og:locale\" content=\"fr_CA\" \/>\n<meta property=\"og:type\" content=\"article\" \/>\n<meta property=\"og:title\" content=\"Our Textures - Superior Flooring\" \/>\n<meta property=\"og:description\" content=\"SuperiorTextures 3 Textures, Unlimited Looks The texture of a hardwood floor can completely change its look...\" \/>\n<meta property=\"og:url\" content=\"https:\/\/superiorflooring.ca\/fr\/our-textures\/\" \/>\n<meta property=\"og:site_name\" content=\"Superior Flooring\" \/>\n<meta property=\"article:modified_time\" content=\"2022-05-03T20:22:07+00:00\" \/>\n<meta property=\"og:image\" content=\"https:\/\/www.superiorflooring.ca\/wp-content\/uploads\/2021\/05\/original_1.png\" \/>\n<meta name=\"twitter:card\" content=\"summary_large_image\" \/>\n<meta name=\"twitter:label1\" content=\"Estimation du temps de lecture\" \/>\n\t<meta name=\"twitter:data1\" content=\"2 minutes\" \/>\n<script type=\"application\/ld+json\" class=\"yoast-schema-graph\">{\"@context\":\"https:\\\/\\\/schema.org\",\"@graph\":[{\"@type\":\"WebPage\",\"@id\":\"https:\\\/\\\/superiorflooring.ca\\\/our-textures\\\/\",\"url\":\"https:\\\/\\\/superiorflooring.ca\\\/our-textures\\\/\",\"name\":\"Our Textures - Superior Flooring\",\"isPartOf\":{\"@id\":\"https:\\\/\\\/superiorflooring.ca\\\/#website\"},\"primaryImageOfPage\":{\"@id\":\"https:\\\/\\\/superiorflooring.ca\\\/our-textures\\\/#primaryimage\"},\"image\":{\"@id\":\"https:\\\/\\\/superiorflooring.ca\\\/our-textures\\\/#primaryimage\"},\"thumbnailUrl\":\"https:\\\/\\\/www.superiorflooring.ca\\\/wp-content\\\/uploads\\\/2021\\\/05\\\/original_1.png\",\"datePublished\":\"2021-04-23T15:11:43+00:00\",\"dateModified\":\"2022-05-03T20:22:07+00:00\",\"breadcrumb\":{\"@id\":\"https:\\\/\\\/superiorflooring.ca\\\/our-textures\\\/#breadcrumb\"},\"inLanguage\":\"fr-CA\",\"potentialAction\":[{\"@type\":\"ReadAction\",\"target\":[\"https:\\\/\\\/superiorflooring.ca\\\/our-textures\\\/\"]}]},{\"@type\":\"ImageObject\",\"inLanguage\":\"fr-CA\",\"@id\":\"https:\\\/\\\/superiorflooring.ca\\\/our-textures\\\/#primaryimage\",\"url\":\"https:\\\/\\\/www.superiorflooring.ca\\\/wp-content\\\/uploads\\\/2021\\\/05\\\/original_1.png\",\"contentUrl\":\"https:\\\/\\\/www.superiorflooring.ca\\\/wp-content\\\/uploads\\\/2021\\\/05\\\/original_1.png\"},{\"@type\":\"BreadcrumbList\",\"@id\":\"https:\\\/\\\/superiorflooring.ca\\\/our-textures\\\/#breadcrumb\",\"itemListElement\":[{\"@type\":\"ListItem\",\"position\":1,\"name\":\"Home\",\"item\":\"https:\\\/\\\/superiorflooring.ca\\\/\"},{\"@type\":\"ListItem\",\"position\":2,\"name\":\"Our Textures\"}]},{\"@type\":\"WebSite\",\"@id\":\"https:\\\/\\\/superiorflooring.ca\\\/#website\",\"url\":\"https:\\\/\\\/superiorflooring.ca\\\/\",\"name\":\"Superior Flooring\",\"description\":\"North American Wood Flooring Products\",\"publisher\":{\"@id\":\"https:\\\/\\\/superiorflooring.ca\\\/#organization\"},\"potentialAction\":[{\"@type\":\"SearchAction\",\"target\":{\"@type\":\"EntryPoint\",\"urlTemplate\":\"https:\\\/\\\/superiorflooring.ca\\\/?s={search_term_string}\"},\"query-input\":{\"@type\":\"PropertyValueSpecification\",\"valueRequired\":true,\"valueName\":\"search_term_string\"}}],\"inLanguage\":\"fr-CA\"},{\"@type\":\"Organization\",\"@id\":\"https:\\\/\\\/superiorflooring.ca\\\/#organization\",\"name\":\"Superior Flooring\",\"url\":\"https:\\\/\\\/superiorflooring.ca\\\/\",\"logo\":{\"@type\":\"ImageObject\",\"inLanguage\":\"fr-CA\",\"@id\":\"https:\\\/\\\/superiorflooring.ca\\\/#\\\/schema\\\/logo\\\/image\\\/\",\"url\":\"https:\\\/\\\/www.superiorflooring.ca\\\/wp-content\\\/uploads\\\/2021\\\/01\\\/cropped-footer_logo.png\",\"contentUrl\":\"https:\\\/\\\/www.superiorflooring.ca\\\/wp-content\\\/uploads\\\/2021\\\/01\\\/cropped-footer_logo.png\",\"width\":512,\"height\":512,\"caption\":\"Superior Flooring\"},\"image\":{\"@id\":\"https:\\\/\\\/superiorflooring.ca\\\/#\\\/schema\\\/logo\\\/image\\\/\"}}]}<\/script>\n<!-- \/ Yoast SEO plugin. -->","yoast_head_json":{"title":"Our Textures - Superior Flooring","robots":{"index":"index","follow":"follow","max-snippet":"max-snippet:-1","max-image-preview":"max-image-preview:large","max-video-preview":"max-video-preview:-1"},"canonical":"https:\/\/superiorflooring.ca\/fr\/our-textures\/","og_locale":"fr_CA","og_type":"article","og_title":"Our Textures - Superior Flooring","og_description":"SuperiorTextures 3 Textures, Unlimited Looks The texture of a hardwood floor can completely change its look...","og_url":"https:\/\/superiorflooring.ca\/fr\/our-textures\/","og_site_name":"Superior Flooring","article_modified_time":"2022-05-03T20:22:07+00:00","og_image":[{"url":"https:\/\/www.superiorflooring.ca\/wp-content\/uploads\/2021\/05\/original_1.png","type":"","width":"","height":""}],"twitter_card":"summary_large_image","twitter_misc":{"Estimation du temps de lecture":"2 minutes"},"schema":{"@context":"https:\/\/schema.org","@graph":[{"@type":"WebPage","@id":"https:\/\/superiorflooring.ca\/our-textures\/","url":"https:\/\/superiorflooring.ca\/our-textures\/","name":"Our Textures - Superior Flooring","isPartOf":{"@id":"https:\/\/superiorflooring.ca\/#website"},"primaryImageOfPage":{"@id":"https:\/\/superiorflooring.ca\/our-textures\/#primaryimage"},"image":{"@id":"https:\/\/superiorflooring.ca\/our-textures\/#primaryimage"},"thumbnailUrl":"https:\/\/www.superiorflooring.ca\/wp-content\/uploads\/2021\/05\/original_1.png","datePublished":"2021-04-23T15:11:43+00:00","dateModified":"2022-05-03T20:22:07+00:00","breadcrumb":{"@id":"https:\/\/superiorflooring.ca\/our-textures\/#breadcrumb"},"inLanguage":"fr-CA","potentialAction":[{"@type":"ReadAction","target":["https:\/\/superiorflooring.ca\/our-textures\/"]}]},{"@type":"ImageObject","inLanguage":"fr-CA","@id":"https:\/\/superiorflooring.ca\/our-textures\/#primaryimage","url":"https:\/\/www.superiorflooring.ca\/wp-content\/uploads\/2021\/05\/original_1.png","contentUrl":"https:\/\/www.superiorflooring.ca\/wp-content\/uploads\/2021\/05\/original_1.png"},{"@type":"BreadcrumbList","@id":"https:\/\/superiorflooring.ca\/our-textures\/#breadcrumb","itemListElement":[{"@type":"ListItem","position":1,"name":"Home","item":"https:\/\/superiorflooring.ca\/"},{"@type":"ListItem","position":2,"name":"Our Textures"}]},{"@type":"WebSite","@id":"https:\/\/superiorflooring.ca\/#website","url":"https:\/\/superiorflooring.ca\/","name":"Superior Flooring","description":"North American Wood Flooring Products","publisher":{"@id":"https:\/\/superiorflooring.ca\/#organization"},"potentialAction":[{"@type":"SearchAction","target":{"@type":"EntryPoint","urlTemplate":"https:\/\/superiorflooring.ca\/?s={search_term_string}"},"query-input":{"@type":"PropertyValueSpecification","valueRequired":true,"valueName":"search_term_string"}}],"inLanguage":"fr-CA"},{"@type":"Organization","@id":"https:\/\/superiorflooring.ca\/#organization","name":"Superior Flooring","url":"https:\/\/superiorflooring.ca\/","logo":{"@type":"ImageObject","inLanguage":"fr-CA","@id":"https:\/\/superiorflooring.ca\/#\/schema\/logo\/image\/","url":"https:\/\/www.superiorflooring.ca\/wp-content\/uploads\/2021\/01\/cropped-footer_logo.png","contentUrl":"https:\/\/www.superiorflooring.ca\/wp-content\/uploads\/2021\/01\/cropped-footer_logo.png","width":512,"height":512,"caption":"Superior Flooring"},"image":{"@id":"https:\/\/superiorflooring.ca\/#\/schema\/logo\/image\/"}}]}},"_links":{"self":[{"href":"https:\/\/superiorflooring.ca\/fr\/wp-json\/wp\/v2\/pages\/1992","targetHints":{"allow":["GET"]}}],"collection":[{"href":"https:\/\/superiorflooring.ca\/fr\/wp-json\/wp\/v2\/pages"}],"about":[{"href":"https:\/\/superiorflooring.ca\/fr\/wp-json\/wp\/v2\/types\/page"}],"author":[{"embeddable":true,"href":"https:\/\/superiorflooring.ca\/fr\/wp-json\/wp\/v2\/users\/1"}],"replies":[{"embeddable":true,"href":"https:\/\/superiorflooring.ca\/fr\/wp-json\/wp\/v2\/comments?post=1992"}],"version-history":[{"count":0,"href":"https:\/\/superiorflooring.ca\/fr\/wp-json\/wp\/v2\/pages\/1992\/revisions"}],"wp:attachment":[{"href":"https:\/\/superiorflooring.ca\/fr\/wp-json\/wp\/v2\/media?parent=1992"}],"curies":[{"name":"wp","href":"https:\/\/api.w.org\/{rel}","templated":true}]}}