{"id":2002,"date":"2021-04-23T11:14:50","date_gmt":"2021-04-23T15:14:50","guid":{"rendered":"http:\/\/superiorflooring.ca\/?page_id=2002"},"modified":"2021-06-01T13:51:40","modified_gmt":"2021-06-01T17:51:40","slug":"water","status":"publish","type":"page","link":"https:\/\/superiorflooring.ca\/fr\/water\/","title":{"rendered":"Eau"},"content":{"rendered":"<div data-elementor-type=\"wp-page\" data-elementor-id=\"2002\" class=\"elementor elementor-2002\" data-elementor-post-type=\"page\">\n\t\t\t\t\t\t<section class=\"elementor-section elementor-top-section elementor-element elementor-element-e04274a elementor-section-stretched elementor-section-boxed elementor-section-height-default elementor-section-height-default\" data-id=\"e04274a\" data-element_type=\"section\" data-e-type=\"section\" data-settings=\"{&quot;stretch_section&quot;:&quot;section-stretched&quot;,&quot;background_background&quot;:&quot;classic&quot;}\">\n\t\t\t\t\t\t\t<div class=\"elementor-background-overlay\"><\/div>\n\t\t\t\t\t\t\t<div class=\"elementor-container elementor-column-gap-default\">\n\t\t\t\t\t<div class=\"elementor-column elementor-col-100 elementor-top-column elementor-element elementor-element-e98df5d\" data-id=\"e98df5d\" data-element_type=\"column\" data-e-type=\"column\">\n\t\t\t<div class=\"elementor-widget-wrap elementor-element-populated\">\n\t\t\t\t\t\t<div class=\"elementor-element elementor-element-50233eb elementor-widget elementor-widget-heading\" data-id=\"50233eb\" data-element_type=\"widget\" data-e-type=\"widget\" data-widget_type=\"heading.default\">\n\t\t\t\t\t<h1 class=\"elementor-heading-title elementor-size-default\"><span style=\"font-size: .75em\">Bois &amp;<\/span><br>Eau<br>Faits<\/h1>\t\t\t\t<\/div>\n\t\t\t\t\t<\/div>\n\t\t<\/div>\n\t\t\t\t\t<\/div>\n\t\t<\/section>\n\t\t\t\t<section class=\"elementor-section elementor-top-section elementor-element elementor-element-a06bbf2 elementor-section-boxed elementor-section-height-default elementor-section-height-default\" data-id=\"a06bbf2\" data-element_type=\"section\" data-e-type=\"section\">\n\t\t\t\t\t\t<div class=\"elementor-container elementor-column-gap-default\">\n\t\t\t\t\t<div class=\"elementor-column elementor-col-100 elementor-top-column elementor-element elementor-element-c886da1\" data-id=\"c886da1\" data-element_type=\"column\" data-e-type=\"column\">\n\t\t\t<div class=\"elementor-widget-wrap elementor-element-populated\">\n\t\t\t\t\t\t<div class=\"elementor-element elementor-element-91f3cbf elementor-widget elementor-widget-spacer\" data-id=\"91f3cbf\" data-element_type=\"widget\" data-e-type=\"widget\" data-widget_type=\"spacer.default\">\n\t\t\t\t\t\t\t<div class=\"elementor-spacer\">\n\t\t\t<div class=\"elementor-spacer-inner\"><\/div>\n\t\t<\/div>\n\t\t\t\t\t\t<\/div>\n\t\t\t\t<div class=\"elementor-element elementor-element-f474295 elementor-widget elementor-widget-heading\" data-id=\"f474295\" data-element_type=\"widget\" data-e-type=\"widget\" data-widget_type=\"heading.default\">\n\t\t\t\t\t<h2 class=\"elementor-heading-title elementor-size-default\">L\u2019humidit\u00e9 est importante<\/h2>\t\t\t\t<\/div>\n\t\t\t\t<div class=\"elementor-element elementor-element-53ef4e6 elementor-widget elementor-widget-text-editor\" data-id=\"53ef4e6\" data-element_type=\"widget\" data-e-type=\"widget\" data-widget_type=\"text-editor.default\">\n\t\t\t\t\t\t\t\t\t<p class=\"rtecenter\">Le poids, le retrait, la r\u00e9sistance et d&#039;autres propri\u00e9t\u00e9s d\u00e9pendent de la teneur en humidit\u00e9 du bois. Dans les arbres, la teneur en humidit\u00e9 peut atteindre 200 pour cent du poids de la substance ligneuse. Apr\u00e8s la r\u00e9colte et le broyage, le bois sera s\u00e9ch\u00e9 jusqu&#039;\u00e0 atteindre la teneur en humidit\u00e9 appropri\u00e9e pour son utilisation finale.<\/p><p class=\"rtecenter\">En r\u00e8gle g\u00e9n\u00e9rale, les rev\u00eatements de sol devraient r\u00e9tr\u00e9cir dans des environnements secs et se dilater dans des environnements plus humides. La teneur en humidit\u00e9 id\u00e9ale pour l&#039;installation d&#039;un rev\u00eatement de sol peut varier de 4 \u00e0 18 pour cent, selon l&#039;essence de bois, l&#039;emplacement g\u00e9ographique du produit final et la p\u00e9riode de l&#039;ann\u00e9e. La plupart des parquets en ch\u00eane, par exemple, sont moulus \u00e0 raison de 6 \u00e0 9 pour cent.<\/p>\t\t\t\t\t\t\t\t<\/div>\n\t\t\t\t<div class=\"elementor-element elementor-element-0b89212 elementor-widget elementor-widget-image\" data-id=\"0b89212\" data-element_type=\"widget\" data-e-type=\"widget\" data-widget_type=\"image.default\">\n\t\t\t\t\t\t\t\t\t\t\t\t\t\t\t<img fetchpriority=\"high\" decoding=\"async\" width=\"800\" height=\"376\" src=\"https:\/\/superiorflooring.ca\/wp-content\/uploads\/2021\/03\/moisture_rating_charts.jpg\" class=\"attachment-large size-large wp-image-310\" alt=\"\" srcset=\"https:\/\/superiorflooring.ca\/wp-content\/uploads\/2021\/03\/moisture_rating_charts.jpg 800w, https:\/\/superiorflooring.ca\/wp-content\/uploads\/2021\/03\/moisture_rating_charts-300x141.jpg 300w, https:\/\/superiorflooring.ca\/wp-content\/uploads\/2021\/03\/moisture_rating_charts-768x361.jpg 768w, https:\/\/superiorflooring.ca\/wp-content\/uploads\/2021\/03\/moisture_rating_charts-600x282.jpg 600w\" sizes=\"(max-width: 800px) 100vw, 800px\" \/>\t\t\t\t\t\t\t\t\t\t\t\t\t\t\t<\/div>\n\t\t\t\t<div class=\"elementor-element elementor-element-8ba5226 elementor-widget elementor-widget-spacer\" data-id=\"8ba5226\" data-element_type=\"widget\" data-e-type=\"widget\" data-widget_type=\"spacer.default\">\n\t\t\t\t\t\t\t<div class=\"elementor-spacer\">\n\t\t\t<div class=\"elementor-spacer-inner\"><\/div>\n\t\t<\/div>\n\t\t\t\t\t\t<\/div>\n\t\t\t\t<div class=\"elementor-element elementor-element-921a17f elementor-widget elementor-widget-image\" data-id=\"921a17f\" data-element_type=\"widget\" data-e-type=\"widget\" data-widget_type=\"image.default\">\n\t\t\t\t\t\t\t\t\t\t\t\t\t\t\t<img decoding=\"async\" width=\"800\" height=\"376\" src=\"https:\/\/superiorflooring.ca\/wp-content\/uploads\/2021\/03\/moisture_rating_charts2.jpg\" class=\"attachment-large size-large wp-image-312\" alt=\"\" srcset=\"https:\/\/superiorflooring.ca\/wp-content\/uploads\/2021\/03\/moisture_rating_charts2.jpg 800w, https:\/\/superiorflooring.ca\/wp-content\/uploads\/2021\/03\/moisture_rating_charts2-300x141.jpg 300w, https:\/\/superiorflooring.ca\/wp-content\/uploads\/2021\/03\/moisture_rating_charts2-768x361.jpg 768w, https:\/\/superiorflooring.ca\/wp-content\/uploads\/2021\/03\/moisture_rating_charts2-600x282.jpg 600w\" sizes=\"(max-width: 800px) 100vw, 800px\" \/>\t\t\t\t\t\t\t\t\t\t\t\t\t\t\t<\/div>\n\t\t\t\t<div class=\"elementor-element elementor-element-27b54f8 elementor-widget elementor-widget-spacer\" data-id=\"27b54f8\" data-element_type=\"widget\" data-e-type=\"widget\" data-widget_type=\"spacer.default\">\n\t\t\t\t\t\t\t<div class=\"elementor-spacer\">\n\t\t\t<div class=\"elementor-spacer-inner\"><\/div>\n\t\t<\/div>\n\t\t\t\t\t\t<\/div>\n\t\t\t\t\t<\/div>\n\t\t<\/div>\n\t\t\t\t\t<\/div>\n\t\t<\/section>\n\t\t\t\t<section class=\"elementor-section elementor-top-section elementor-element elementor-element-6ab0aff elementor-section-full_width elementor-section-height-default elementor-section-height-default\" data-id=\"6ab0aff\" data-element_type=\"section\" data-e-type=\"section\">\n\t\t\t\t\t\t<div class=\"elementor-container elementor-column-gap-default\">\n\t\t\t\t\t<div class=\"elementor-column elementor-col-50 elementor-top-column elementor-element elementor-element-caef2d3\" data-id=\"caef2d3\" data-element_type=\"column\" data-e-type=\"column\" data-settings=\"{&quot;background_background&quot;:&quot;classic&quot;}\">\n\t\t\t<div class=\"elementor-widget-wrap elementor-element-populated\">\n\t\t\t\t\t\t<div class=\"elementor-element elementor-element-40c6f29 elementor-widget elementor-widget-spacer\" data-id=\"40c6f29\" data-element_type=\"widget\" data-e-type=\"widget\" data-widget_type=\"spacer.default\">\n\t\t\t\t\t\t\t<div class=\"elementor-spacer\">\n\t\t\t<div class=\"elementor-spacer-inner\"><\/div>\n\t\t<\/div>\n\t\t\t\t\t\t<\/div>\n\t\t\t\t\t<\/div>\n\t\t<\/div>\n\t\t\t\t<div class=\"elementor-column elementor-col-50 elementor-top-column elementor-element elementor-element-6213402\" data-id=\"6213402\" data-element_type=\"column\" data-e-type=\"column\" data-settings=\"{&quot;background_background&quot;:&quot;classic&quot;}\">\n\t\t\t<div class=\"elementor-widget-wrap elementor-element-populated\">\n\t\t\t\t\t\t<div class=\"elementor-element elementor-element-a2d20c5 elementor-widget elementor-widget-text-editor\" data-id=\"a2d20c5\" data-element_type=\"widget\" data-e-type=\"widget\" data-widget_type=\"text-editor.default\">\n\t\t\t\t\t\t\t\t\t<p>Les fuites d\u2019eau et les d\u00e9versements seront absorb\u00e9s par les planchers de bois. Mais le plus souvent, les dommages caus\u00e9s aux parquets sont caus\u00e9s par une humidit\u00e9 \u00e9lev\u00e9e.<\/p>\t\t\t\t\t\t\t\t<\/div>\n\t\t\t\t\t<\/div>\n\t\t<\/div>\n\t\t\t\t\t<\/div>\n\t\t<\/section>\n\t\t\t\t<section class=\"elementor-section elementor-top-section elementor-element elementor-element-18f79e4 elementor-section-boxed elementor-section-height-default elementor-section-height-default\" data-id=\"18f79e4\" data-element_type=\"section\" data-e-type=\"section\">\n\t\t\t\t\t\t<div class=\"elementor-container elementor-column-gap-default\">\n\t\t\t\t\t<div class=\"elementor-column elementor-col-100 elementor-top-column elementor-element elementor-element-388030e\" data-id=\"388030e\" data-element_type=\"column\" data-e-type=\"column\">\n\t\t\t<div class=\"elementor-widget-wrap elementor-element-populated\">\n\t\t\t\t\t\t<div class=\"elementor-element elementor-element-8d71cd5 elementor-widget elementor-widget-spacer\" data-id=\"8d71cd5\" data-element_type=\"widget\" data-e-type=\"widget\" data-widget_type=\"spacer.default\">\n\t\t\t\t\t\t\t<div class=\"elementor-spacer\">\n\t\t\t<div class=\"elementor-spacer-inner\"><\/div>\n\t\t<\/div>\n\t\t\t\t\t\t<\/div>\n\t\t\t\t\t<\/div>\n\t\t<\/div>\n\t\t\t\t\t<\/div>\n\t\t<\/section>\n\t\t\t\t<section class=\"elementor-section elementor-top-section elementor-element elementor-element-44fcb5f elementor-section-boxed elementor-section-height-default elementor-section-height-default\" data-id=\"44fcb5f\" data-element_type=\"section\" data-e-type=\"section\">\n\t\t\t\t\t\t<div class=\"elementor-container elementor-column-gap-default\">\n\t\t\t\t\t<div class=\"elementor-column elementor-col-100 elementor-top-column elementor-element elementor-element-827459c\" data-id=\"827459c\" data-element_type=\"column\" data-e-type=\"column\">\n\t\t\t<div class=\"elementor-widget-wrap elementor-element-populated\">\n\t\t\t\t\t\t<div class=\"elementor-element elementor-element-744df52 elementor-widget elementor-widget-heading\" data-id=\"744df52\" data-element_type=\"widget\" data-e-type=\"widget\" data-widget_type=\"heading.default\">\n\t\t\t\t\t<h3 class=\"elementor-heading-title elementor-size-default\">Ventouses<\/h3>\t\t\t\t<\/div>\n\t\t\t\t<div class=\"elementor-element elementor-element-9e4620b elementor-widget elementor-widget-text-editor\" data-id=\"9e4620b\" data-element_type=\"widget\" data-e-type=\"widget\" data-widget_type=\"text-editor.default\">\n\t\t\t\t\t\t\t\t\t<p>Le ph\u00e9nom\u00e8ne de ventouses se produit lorsque les bords d&#039;une planche sont hauts et son centre est plus bas. Cela peut se produire apr\u00e8s que de l&#039;eau se soit r\u00e9pandue sur le sol et soit absorb\u00e9e par le bois, mais une humidit\u00e9 \u00e9lev\u00e9e en est le plus souvent la cause.<\/p><p><span style=\"font-style: inherit; font-weight: inherit; color: var( --e-global-color-text ); font-family: -apple-system, BlinkMacSystemFont, 'Segoe UI', Roboto, Oxygen-Sans, Ubuntu, Cantarell, 'Helvetica Neue', sans-serif;\">Le ph\u00e9nom\u00e8ne de ventouses est caus\u00e9 par un d\u00e9s\u00e9quilibre d&#039;humidit\u00e9 dans l&#039;\u00e9paisseur du bois ; le bois est plus humide au bas de la planche qu&#039;au dessus. Le d\u00e9s\u00e9quilibre d\u2019humidit\u00e9 peut \u00eatre prouv\u00e9 en prenant des mesures d\u2019humidit\u00e9 \u00e0 diff\u00e9rentes profondeurs de broches.<\/span><\/p>\t\t\t\t\t\t\t\t<\/div>\n\t\t\t\t<div class=\"elementor-element elementor-element-6d54986 elementor-widget elementor-widget-heading\" data-id=\"6d54986\" data-element_type=\"widget\" data-e-type=\"widget\" data-widget_type=\"heading.default\">\n\t\t\t\t\t<h3 class=\"elementor-heading-title elementor-size-default\">Couronnement<\/h3>\t\t\t\t<\/div>\n\t\t\t\t<div class=\"elementor-element elementor-element-52c9a13 elementor-widget elementor-widget-text-editor\" data-id=\"52c9a13\" data-element_type=\"widget\" data-e-type=\"widget\" data-widget_type=\"text-editor.default\">\n\t\t\t\t\t\t\t\t\t<p>Le couronnement est le contraire de la ventouse ; le centre d&#039;une planche est plus haut que les bords. Un d\u00e9s\u00e9quilibre d&#039;humidit\u00e9 est parfois la cause d&#039;un bombage, si une humidit\u00e9 excessive s&#039;introduit sur le dessus du sol, peut-\u00eatre \u00e0 cause d&#039;un exc\u00e8s d&#039;eau utilis\u00e9 pour l&#039;entretien, ou \u00e0 cause de fuites de plomberie.<\/p><p>Il convient de noter que de l\u00e9g\u00e8res courbures et courbures peuvent se produire naturellement et doivent \u00eatre tol\u00e9r\u00e9es. En grande partie saisonnier, il est courant sur des planches plus larges. Notre micro-biseau minimise l&#039;apparence par opposition \u00e0 un produit de rev\u00eatement de sol \u00e0 bords carr\u00e9s.<\/p>\t\t\t\t\t\t\t\t<\/div>\n\t\t\t\t\t<\/div>\n\t\t<\/div>\n\t\t\t\t\t<\/div>\n\t\t<\/section>\n\t\t\t\t<section class=\"elementor-section elementor-top-section elementor-element elementor-element-7d376f6 elementor-section-boxed elementor-section-height-default elementor-section-height-default\" data-id=\"7d376f6\" data-element_type=\"section\" data-e-type=\"section\">\n\t\t\t\t\t\t<div class=\"elementor-container elementor-column-gap-default\">\n\t\t\t\t\t<div class=\"elementor-column elementor-col-100 elementor-top-column elementor-element elementor-element-e1046d7\" data-id=\"e1046d7\" data-element_type=\"column\" data-e-type=\"column\">\n\t\t\t<div class=\"elementor-widget-wrap elementor-element-populated\">\n\t\t\t\t\t\t<div class=\"elementor-element elementor-element-8e94f42 elementor-widget elementor-widget-spacer\" data-id=\"8e94f42\" data-element_type=\"widget\" data-e-type=\"widget\" data-widget_type=\"spacer.default\">\n\t\t\t\t\t\t\t<div class=\"elementor-spacer\">\n\t\t\t<div class=\"elementor-spacer-inner\"><\/div>\n\t\t<\/div>\n\t\t\t\t\t\t<\/div>\n\t\t\t\t\t<\/div>\n\t\t<\/div>\n\t\t\t\t\t<\/div>\n\t\t<\/section>\n\t\t\t\t<\/div>","protected":false},"excerpt":{"rendered":"<p>Wood &#038;WaterFacts Moisture Matters Weight, shrinkage, strength and other properties depend on the moisture content of&#8230;<\/p>","protected":false},"author":1,"featured_media":0,"parent":0,"menu_order":0,"comment_status":"closed","ping_status":"closed","template":"elementor_header_footer","meta":{"site-sidebar-layout":"no-sidebar","site-content-layout":"page-builder","ast-site-content-layout":"","site-content-style":"default","site-sidebar-style":"default","ast-global-header-display":"","ast-banner-title-visibility":"","ast-main-header-display":"","ast-hfb-above-header-display":"","ast-hfb-below-header-display":"","ast-hfb-mobile-header-display":"","site-post-title":"disabled","ast-breadcrumbs-content":"","ast-featured-img":"disabled","footer-sml-layout":"","theme-transparent-header-meta":"default","adv-header-id-meta":"","stick-header-meta":"","header-above-stick-meta":"","header-main-stick-meta":"","header-below-stick-meta":"","astra-migrate-meta-layouts":"default","ast-page-background-enabled":"default","ast-page-background-meta":{"desktop":{"background-color":"","background-image":"","background-repeat":"repeat","background-position":"center center","background-size":"auto","background-attachment":"scroll","background-type":"","background-media":"","overlay-type":"","overlay-color":"","overlay-opacity":"","overlay-gradient":""},"tablet":{"background-color":"","background-image":"","background-repeat":"repeat","background-position":"center center","background-size":"auto","background-attachment":"scroll","background-type":"","background-media":"","overlay-type":"","overlay-color":"","overlay-opacity":"","overlay-gradient":""},"mobile":{"background-color":"","background-image":"","background-repeat":"repeat","background-position":"center center","background-size":"auto","background-attachment":"scroll","background-type":"","background-media":"","overlay-type":"","overlay-color":"","overlay-opacity":"","overlay-gradient":""}},"ast-content-background-meta":{"desktop":{"background-color":"var(--ast-global-color-5)","background-image":"","background-repeat":"repeat","background-position":"center center","background-size":"auto","background-attachment":"scroll","background-type":"","background-media":"","overlay-type":"","overlay-color":"","overlay-opacity":"","overlay-gradient":""},"tablet":{"background-color":"var(--ast-global-color-5)","background-image":"","background-repeat":"repeat","background-position":"center center","background-size":"auto","background-attachment":"scroll","background-type":"","background-media":"","overlay-type":"","overlay-color":"","overlay-opacity":"","overlay-gradient":""},"mobile":{"background-color":"var(--ast-global-color-5)","background-image":"","background-repeat":"repeat","background-position":"center center","background-size":"auto","background-attachment":"scroll","background-type":"","background-media":"","overlay-type":"","overlay-color":"","overlay-opacity":"","overlay-gradient":""}},"footnotes":""},"class_list":["post-2002","page","type-page","status-publish","hentry"],"yoast_head":"<!-- This site is optimized with the Yoast SEO plugin v27.3 - https:\/\/yoast.com\/product\/yoast-seo-wordpress\/ -->\n<title>Water - Superior Flooring<\/title>\n<meta name=\"robots\" content=\"index, follow, max-snippet:-1, max-image-preview:large, max-video-preview:-1\" \/>\n<link rel=\"canonical\" href=\"https:\/\/superiorflooring.ca\/fr\/water\/\" \/>\n<meta property=\"og:locale\" content=\"fr_CA\" \/>\n<meta property=\"og:type\" content=\"article\" \/>\n<meta property=\"og:title\" content=\"Water - Superior Flooring\" \/>\n<meta property=\"og:description\" content=\"Wood &#038;WaterFacts Moisture Matters Weight, shrinkage, strength and other properties depend on the moisture content of...\" \/>\n<meta property=\"og:url\" content=\"https:\/\/superiorflooring.ca\/fr\/water\/\" \/>\n<meta property=\"og:site_name\" content=\"Superior Flooring\" \/>\n<meta property=\"article:modified_time\" content=\"2021-06-01T17:51:40+00:00\" \/>\n<meta property=\"og:image\" content=\"http:\/\/sup.orchardcreative.ca\/wp-content\/uploads\/2021\/03\/moisture_rating_charts.jpg\" \/>\n<meta name=\"twitter:card\" content=\"summary_large_image\" \/>\n<meta name=\"twitter:label1\" content=\"Estimation du temps de lecture\" \/>\n\t<meta name=\"twitter:data1\" content=\"1 minute\" \/>\n<script type=\"application\/ld+json\" class=\"yoast-schema-graph\">{\"@context\":\"https:\\\/\\\/schema.org\",\"@graph\":[{\"@type\":\"WebPage\",\"@id\":\"https:\\\/\\\/superiorflooring.ca\\\/water\\\/\",\"url\":\"https:\\\/\\\/superiorflooring.ca\\\/water\\\/\",\"name\":\"Water - Superior Flooring\",\"isPartOf\":{\"@id\":\"https:\\\/\\\/superiorflooring.ca\\\/#website\"},\"primaryImageOfPage\":{\"@id\":\"https:\\\/\\\/superiorflooring.ca\\\/water\\\/#primaryimage\"},\"image\":{\"@id\":\"https:\\\/\\\/superiorflooring.ca\\\/water\\\/#primaryimage\"},\"thumbnailUrl\":\"http:\\\/\\\/sup.orchardcreative.ca\\\/wp-content\\\/uploads\\\/2021\\\/03\\\/moisture_rating_charts.jpg\",\"datePublished\":\"2021-04-23T15:14:50+00:00\",\"dateModified\":\"2021-06-01T17:51:40+00:00\",\"breadcrumb\":{\"@id\":\"https:\\\/\\\/superiorflooring.ca\\\/water\\\/#breadcrumb\"},\"inLanguage\":\"fr-CA\",\"potentialAction\":[{\"@type\":\"ReadAction\",\"target\":[\"https:\\\/\\\/superiorflooring.ca\\\/water\\\/\"]}]},{\"@type\":\"ImageObject\",\"inLanguage\":\"fr-CA\",\"@id\":\"https:\\\/\\\/superiorflooring.ca\\\/water\\\/#primaryimage\",\"url\":\"http:\\\/\\\/sup.orchardcreative.ca\\\/wp-content\\\/uploads\\\/2021\\\/03\\\/moisture_rating_charts.jpg\",\"contentUrl\":\"http:\\\/\\\/sup.orchardcreative.ca\\\/wp-content\\\/uploads\\\/2021\\\/03\\\/moisture_rating_charts.jpg\"},{\"@type\":\"BreadcrumbList\",\"@id\":\"https:\\\/\\\/superiorflooring.ca\\\/water\\\/#breadcrumb\",\"itemListElement\":[{\"@type\":\"ListItem\",\"position\":1,\"name\":\"Home\",\"item\":\"https:\\\/\\\/superiorflooring.ca\\\/\"},{\"@type\":\"ListItem\",\"position\":2,\"name\":\"Water\"}]},{\"@type\":\"WebSite\",\"@id\":\"https:\\\/\\\/superiorflooring.ca\\\/#website\",\"url\":\"https:\\\/\\\/superiorflooring.ca\\\/\",\"name\":\"Superior Flooring\",\"description\":\"North American Wood Flooring Products\",\"publisher\":{\"@id\":\"https:\\\/\\\/superiorflooring.ca\\\/#organization\"},\"potentialAction\":[{\"@type\":\"SearchAction\",\"target\":{\"@type\":\"EntryPoint\",\"urlTemplate\":\"https:\\\/\\\/superiorflooring.ca\\\/?s={search_term_string}\"},\"query-input\":{\"@type\":\"PropertyValueSpecification\",\"valueRequired\":true,\"valueName\":\"search_term_string\"}}],\"inLanguage\":\"fr-CA\"},{\"@type\":\"Organization\",\"@id\":\"https:\\\/\\\/superiorflooring.ca\\\/#organization\",\"name\":\"Superior Flooring\",\"url\":\"https:\\\/\\\/superiorflooring.ca\\\/\",\"logo\":{\"@type\":\"ImageObject\",\"inLanguage\":\"fr-CA\",\"@id\":\"https:\\\/\\\/superiorflooring.ca\\\/#\\\/schema\\\/logo\\\/image\\\/\",\"url\":\"https:\\\/\\\/www.superiorflooring.ca\\\/wp-content\\\/uploads\\\/2021\\\/01\\\/cropped-footer_logo.png\",\"contentUrl\":\"https:\\\/\\\/www.superiorflooring.ca\\\/wp-content\\\/uploads\\\/2021\\\/01\\\/cropped-footer_logo.png\",\"width\":512,\"height\":512,\"caption\":\"Superior Flooring\"},\"image\":{\"@id\":\"https:\\\/\\\/superiorflooring.ca\\\/#\\\/schema\\\/logo\\\/image\\\/\"}}]}<\/script>\n<!-- \/ Yoast SEO plugin. -->","yoast_head_json":{"title":"Water - Superior Flooring","robots":{"index":"index","follow":"follow","max-snippet":"max-snippet:-1","max-image-preview":"max-image-preview:large","max-video-preview":"max-video-preview:-1"},"canonical":"https:\/\/superiorflooring.ca\/fr\/water\/","og_locale":"fr_CA","og_type":"article","og_title":"Water - Superior Flooring","og_description":"Wood &#038;WaterFacts Moisture Matters Weight, shrinkage, strength and other properties depend on the moisture content of...","og_url":"https:\/\/superiorflooring.ca\/fr\/water\/","og_site_name":"Superior Flooring","article_modified_time":"2021-06-01T17:51:40+00:00","og_image":[{"url":"http:\/\/sup.orchardcreative.ca\/wp-content\/uploads\/2021\/03\/moisture_rating_charts.jpg","type":"","width":"","height":""}],"twitter_card":"summary_large_image","twitter_misc":{"Estimation du temps de lecture":"1 minute"},"schema":{"@context":"https:\/\/schema.org","@graph":[{"@type":"WebPage","@id":"https:\/\/superiorflooring.ca\/water\/","url":"https:\/\/superiorflooring.ca\/water\/","name":"Water - Superior Flooring","isPartOf":{"@id":"https:\/\/superiorflooring.ca\/#website"},"primaryImageOfPage":{"@id":"https:\/\/superiorflooring.ca\/water\/#primaryimage"},"image":{"@id":"https:\/\/superiorflooring.ca\/water\/#primaryimage"},"thumbnailUrl":"http:\/\/sup.orchardcreative.ca\/wp-content\/uploads\/2021\/03\/moisture_rating_charts.jpg","datePublished":"2021-04-23T15:14:50+00:00","dateModified":"2021-06-01T17:51:40+00:00","breadcrumb":{"@id":"https:\/\/superiorflooring.ca\/water\/#breadcrumb"},"inLanguage":"fr-CA","potentialAction":[{"@type":"ReadAction","target":["https:\/\/superiorflooring.ca\/water\/"]}]},{"@type":"ImageObject","inLanguage":"fr-CA","@id":"https:\/\/superiorflooring.ca\/water\/#primaryimage","url":"http:\/\/sup.orchardcreative.ca\/wp-content\/uploads\/2021\/03\/moisture_rating_charts.jpg","contentUrl":"http:\/\/sup.orchardcreative.ca\/wp-content\/uploads\/2021\/03\/moisture_rating_charts.jpg"},{"@type":"BreadcrumbList","@id":"https:\/\/superiorflooring.ca\/water\/#breadcrumb","itemListElement":[{"@type":"ListItem","position":1,"name":"Home","item":"https:\/\/superiorflooring.ca\/"},{"@type":"ListItem","position":2,"name":"Water"}]},{"@type":"WebSite","@id":"https:\/\/superiorflooring.ca\/#website","url":"https:\/\/superiorflooring.ca\/","name":"Superior Flooring","description":"North American Wood Flooring Products","publisher":{"@id":"https:\/\/superiorflooring.ca\/#organization"},"potentialAction":[{"@type":"SearchAction","target":{"@type":"EntryPoint","urlTemplate":"https:\/\/superiorflooring.ca\/?s={search_term_string}"},"query-input":{"@type":"PropertyValueSpecification","valueRequired":true,"valueName":"search_term_string"}}],"inLanguage":"fr-CA"},{"@type":"Organization","@id":"https:\/\/superiorflooring.ca\/#organization","name":"Superior Flooring","url":"https:\/\/superiorflooring.ca\/","logo":{"@type":"ImageObject","inLanguage":"fr-CA","@id":"https:\/\/superiorflooring.ca\/#\/schema\/logo\/image\/","url":"https:\/\/www.superiorflooring.ca\/wp-content\/uploads\/2021\/01\/cropped-footer_logo.png","contentUrl":"https:\/\/www.superiorflooring.ca\/wp-content\/uploads\/2021\/01\/cropped-footer_logo.png","width":512,"height":512,"caption":"Superior Flooring"},"image":{"@id":"https:\/\/superiorflooring.ca\/#\/schema\/logo\/image\/"}}]}},"_links":{"self":[{"href":"https:\/\/superiorflooring.ca\/fr\/wp-json\/wp\/v2\/pages\/2002","targetHints":{"allow":["GET"]}}],"collection":[{"href":"https:\/\/superiorflooring.ca\/fr\/wp-json\/wp\/v2\/pages"}],"about":[{"href":"https:\/\/superiorflooring.ca\/fr\/wp-json\/wp\/v2\/types\/page"}],"author":[{"embeddable":true,"href":"https:\/\/superiorflooring.ca\/fr\/wp-json\/wp\/v2\/users\/1"}],"replies":[{"embeddable":true,"href":"https:\/\/superiorflooring.ca\/fr\/wp-json\/wp\/v2\/comments?post=2002"}],"version-history":[{"count":0,"href":"https:\/\/superiorflooring.ca\/fr\/wp-json\/wp\/v2\/pages\/2002\/revisions"}],"wp:attachment":[{"href":"https:\/\/superiorflooring.ca\/fr\/wp-json\/wp\/v2\/media?parent=2002"}],"curies":[{"name":"wp","href":"https:\/\/api.w.org\/{rel}","templated":true}]}}