{"id":3450,"date":"2021-07-02T11:24:48","date_gmt":"2021-07-02T15:24:48","guid":{"rendered":"http:\/\/superiorflooring.ca\/?page_id=3450"},"modified":"2021-07-02T11:27:43","modified_gmt":"2021-07-02T15:27:43","slug":"select","status":"publish","type":"page","link":"https:\/\/superiorflooring.ca\/fr\/select\/","title":{"rendered":"S\u00e9lectionner"},"content":{"rendered":"\t\t<div data-elementor-type=\"wp-page\" data-elementor-id=\"3450\" class=\"elementor elementor-3450\" data-elementor-post-type=\"page\">\n\t\t\t\t\t\t<section class=\"elementor-section elementor-top-section elementor-element elementor-element-1d1802c elementor-section-stretched elementor-section-boxed elementor-section-height-default elementor-section-height-default\" data-id=\"1d1802c\" data-element_type=\"section\" data-e-type=\"section\" data-settings=\"{&quot;stretch_section&quot;:&quot;section-stretched&quot;,&quot;background_background&quot;:&quot;classic&quot;}\">\n\t\t\t\t\t\t\t<div class=\"elementor-background-overlay\"><\/div>\n\t\t\t\t\t\t\t<div class=\"elementor-container elementor-column-gap-default\">\n\t\t\t\t\t<div class=\"elementor-column elementor-col-100 elementor-top-column elementor-element elementor-element-a98474e\" data-id=\"a98474e\" data-element_type=\"column\" data-e-type=\"column\">\n\t\t\t<div class=\"elementor-widget-wrap elementor-element-populated\">\n\t\t\t\t\t\t\t<\/div>\n\t\t<\/div>\n\t\t\t\t\t<\/div>\n\t\t<\/section>\n\t\t\t\t<section class=\"elementor-section elementor-top-section elementor-element elementor-element-fa3193d elementor-section-boxed elementor-section-height-default elementor-section-height-default\" data-id=\"fa3193d\" data-element_type=\"section\" data-e-type=\"section\">\n\t\t\t\t\t\t<div class=\"elementor-container elementor-column-gap-default\">\n\t\t\t\t\t<div class=\"elementor-column elementor-col-33 elementor-top-column elementor-element elementor-element-8c9eb3c\" data-id=\"8c9eb3c\" data-element_type=\"column\" data-e-type=\"column\">\n\t\t\t<div class=\"elementor-widget-wrap elementor-element-populated\">\n\t\t\t\t\t\t<section class=\"elementor-section elementor-inner-section elementor-element elementor-element-1d1304d elementor-section-boxed elementor-section-height-default elementor-section-height-default\" data-id=\"1d1304d\" data-element_type=\"section\" data-e-type=\"section\" data-settings=\"{&quot;sticky&quot;:&quot;top&quot;,&quot;sticky_on&quot;:[&quot;desktop&quot;,&quot;tablet&quot;],&quot;sticky_offset&quot;:100,&quot;sticky_parent&quot;:&quot;yes&quot;,&quot;sticky_effects_offset&quot;:0,&quot;sticky_anchor_link_offset&quot;:0}\">\n\t\t\t\t\t\t<div class=\"elementor-container elementor-column-gap-default\">\n\t\t\t\t\t<div class=\"elementor-column elementor-col-100 elementor-inner-column elementor-element elementor-element-b998945\" data-id=\"b998945\" data-element_type=\"column\" data-e-type=\"column\">\n\t\t\t<div class=\"elementor-widget-wrap elementor-element-populated\">\n\t\t\t\t\t\t<div class=\"elementor-element elementor-element-703e0bb elementor-widget elementor-widget-text-editor\" data-id=\"703e0bb\" data-element_type=\"widget\" data-e-type=\"widget\" data-widget_type=\"text-editor.default\">\n\t\t\t\t\t\t\t\t\t<p><span style=\"color: #000000; font-family: Montserrat, sans-serif; font-size: 14px; text-align: center;\">Select Grade features all of wood\u2019s natural features: colour variation, mineral streaking, limited pin holes and small surface knots and checking. This creates a floor that is full of visual texture. Neither filled nor open knots are found in this grade. <\/span><\/p>\t\t\t\t\t\t\t\t<\/div>\n\t\t\t\t\t<\/div>\n\t\t<\/div>\n\t\t\t\t\t<\/div>\n\t\t<\/section>\n\t\t\t\t\t<\/div>\n\t\t<\/div>\n\t\t\t\t<div class=\"elementor-column elementor-col-66 elementor-top-column elementor-element elementor-element-b476fcd\" data-id=\"b476fcd\" data-element_type=\"column\" data-e-type=\"column\">\n\t\t\t<div class=\"elementor-widget-wrap elementor-element-populated\">\n\t\t\t\t\t\t<div class=\"elementor-element elementor-element-8595b46 elementor-widget elementor-widget-shortcode\" data-id=\"8595b46\" data-element_type=\"widget\" data-e-type=\"widget\" data-widget_type=\"shortcode.default\">\n\t\t\t\t\t\t\t<div class=\"elementor-shortcode\"><div id=\"ajax-load-more\" class=\"ajax-load-more-wrap infinite ring\" data-id=\"1913012718\" data-alm-id=\"\" data-canonical-url=\"https:\/\/superiorflooring.ca\/fr\/select\/\" data-slug=\"select\" data-post-id=\"3450\"  data-localized=\"ajax_load_more_1913012718_vars\" data-alm-object=\"ajax_load_more_1913012718\"><div aria-live=\"polite\" aria-atomic=\"true\" class=\"alm-listing alm-ajax\" data-container-type=\"div\" data-loading-style=\"infinite ring\" data-repeater=\"default\" data-post-type=\"product_variation\" data-meta-key=\"_hidden:attribute_pa_grade\" data-meta-value=\"yes:select\" data-meta-compare=\"IN:IN\" data-meta-relation=\"AND\" data-meta-type=\"CHAR:CHAR\" data-order=\"DESC\" data-orderby=\"date\" data-offset=\"0\" data-posts-per-page=\"12\" data-pause-override=\"true\" data-button-label=\"Load More\" data-button-done-label=\"There are no more products...\" data-prev-button-label=\"Load Previous\" data-images-loaded=\"true\"><\/div><div class=\"alm-btn-wrap\" data-rel=\"ajax-load-more\"><button class=\"alm-load-more-btn listingButton\" type=\"button\">Load More<\/button><\/div><\/div>\n\n\n<\/div>\n\t\t\t\t\t\t<\/div>\n\t\t\t\t\t<\/div>\n\t\t<\/div>\n\t\t\t\t\t<\/div>\n\t\t<\/section>\n\t\t\t\t<section class=\"elementor-section elementor-top-section elementor-element elementor-element-71ffd69 elementor-section-boxed elementor-section-height-default elementor-section-height-default\" data-id=\"71ffd69\" data-element_type=\"section\" data-e-type=\"section\">\n\t\t\t\t\t\t<div class=\"elementor-container elementor-column-gap-default\">\n\t\t\t\t\t<div class=\"elementor-column elementor-col-100 elementor-top-column elementor-element elementor-element-efa8a3b\" data-id=\"efa8a3b\" data-element_type=\"column\" data-e-type=\"column\">\n\t\t\t<div class=\"elementor-widget-wrap elementor-element-populated\">\n\t\t\t\t\t\t<div class=\"elementor-element elementor-element-74f31dd elementor-widget elementor-widget-spacer\" data-id=\"74f31dd\" data-element_type=\"widget\" data-e-type=\"widget\" data-widget_type=\"spacer.default\">\n\t\t\t\t\t\t\t<div class=\"elementor-spacer\">\n\t\t\t<div class=\"elementor-spacer-inner\"><\/div>\n\t\t<\/div>\n\t\t\t\t\t\t<\/div>\n\t\t\t\t\t<\/div>\n\t\t<\/div>\n\t\t\t\t\t<\/div>\n\t\t<\/section>\n\t\t\t\t<\/div>\n\t\t","protected":false},"excerpt":{"rendered":"<p>Select Grade pr\u00e9sente toutes les caract\u00e9ristiques naturelles du bois\u00a0: variation de couleur, stries min\u00e9rales, trous d&#039;\u00e9pingle limit\u00e9s et\u2026<\/p>","protected":false},"author":1,"featured_media":0,"parent":0,"menu_order":0,"comment_status":"closed","ping_status":"closed","template":"elementor_header_footer","meta":{"site-sidebar-layout":"no-sidebar","site-content-layout":"page-builder","ast-site-content-layout":"","site-content-style":"default","site-sidebar-style":"default","ast-global-header-display":"","ast-banner-title-visibility":"","ast-main-header-display":"","ast-hfb-above-header-display":"","ast-hfb-below-header-display":"","ast-hfb-mobile-header-display":"","site-post-title":"disabled","ast-breadcrumbs-content":"","ast-featured-img":"disabled","footer-sml-layout":"","theme-transparent-header-meta":"default","adv-header-id-meta":"","stick-header-meta":"","header-above-stick-meta":"","header-main-stick-meta":"","header-below-stick-meta":"","astra-migrate-meta-layouts":"default","ast-page-background-enabled":"default","ast-page-background-meta":{"desktop":{"background-color":"","background-image":"","background-repeat":"repeat","background-position":"center center","background-size":"auto","background-attachment":"scroll","background-type":"","background-media":"","overlay-type":"","overlay-color":"","overlay-opacity":"","overlay-gradient":""},"tablet":{"background-color":"","background-image":"","background-repeat":"repeat","background-position":"center center","background-size":"auto","background-attachment":"scroll","background-type":"","background-media":"","overlay-type":"","overlay-color":"","overlay-opacity":"","overlay-gradient":""},"mobile":{"background-color":"","background-image":"","background-repeat":"repeat","background-position":"center center","background-size":"auto","background-attachment":"scroll","background-type":"","background-media":"","overlay-type":"","overlay-color":"","overlay-opacity":"","overlay-gradient":""}},"ast-content-background-meta":{"desktop":{"background-color":"var(--ast-global-color-5)","background-image":"","background-repeat":"repeat","background-position":"center center","background-size":"auto","background-attachment":"scroll","background-type":"","background-media":"","overlay-type":"","overlay-color":"","overlay-opacity":"","overlay-gradient":""},"tablet":{"background-color":"var(--ast-global-color-5)","background-image":"","background-repeat":"repeat","background-position":"center center","background-size":"auto","background-attachment":"scroll","background-type":"","background-media":"","overlay-type":"","overlay-color":"","overlay-opacity":"","overlay-gradient":""},"mobile":{"background-color":"var(--ast-global-color-5)","background-image":"","background-repeat":"repeat","background-position":"center center","background-size":"auto","background-attachment":"scroll","background-type":"","background-media":"","overlay-type":"","overlay-color":"","overlay-opacity":"","overlay-gradient":""}},"footnotes":""},"class_list":["post-3450","page","type-page","status-publish","hentry"],"yoast_head":"<!-- This site is optimized with the Yoast SEO plugin v27.4 - https:\/\/yoast.com\/product\/yoast-seo-wordpress\/ -->\n<title>Select - Superior Flooring<\/title>\n<meta name=\"robots\" content=\"index, follow, max-snippet:-1, max-image-preview:large, max-video-preview:-1\" \/>\n<link rel=\"canonical\" href=\"https:\/\/superiorflooring.ca\/fr\/select\/\" \/>\n<meta property=\"og:locale\" content=\"fr_CA\" \/>\n<meta property=\"og:type\" content=\"article\" \/>\n<meta property=\"og:title\" content=\"Select - Superior Flooring\" \/>\n<meta property=\"og:description\" content=\"Select Grade features all of wood\u2019s natural features: colour variation, mineral streaking, limited pin holes and...\" \/>\n<meta property=\"og:url\" content=\"https:\/\/superiorflooring.ca\/fr\/select\/\" \/>\n<meta property=\"og:site_name\" content=\"Superior Flooring\" \/>\n<meta property=\"article:modified_time\" content=\"2021-07-02T15:27:43+00:00\" \/>\n<meta name=\"twitter:card\" content=\"summary_large_image\" \/>\n<script type=\"application\/ld+json\" class=\"yoast-schema-graph\">{\"@context\":\"https:\\\/\\\/schema.org\",\"@graph\":[{\"@type\":\"WebPage\",\"@id\":\"https:\\\/\\\/superiorflooring.ca\\\/select\\\/\",\"url\":\"https:\\\/\\\/superiorflooring.ca\\\/select\\\/\",\"name\":\"Select - Superior Flooring\",\"isPartOf\":{\"@id\":\"https:\\\/\\\/superiorflooring.ca\\\/#website\"},\"datePublished\":\"2021-07-02T15:24:48+00:00\",\"dateModified\":\"2021-07-02T15:27:43+00:00\",\"breadcrumb\":{\"@id\":\"https:\\\/\\\/superiorflooring.ca\\\/select\\\/#breadcrumb\"},\"inLanguage\":\"fr-CA\",\"potentialAction\":[{\"@type\":\"ReadAction\",\"target\":[\"https:\\\/\\\/superiorflooring.ca\\\/select\\\/\"]}]},{\"@type\":\"BreadcrumbList\",\"@id\":\"https:\\\/\\\/superiorflooring.ca\\\/select\\\/#breadcrumb\",\"itemListElement\":[{\"@type\":\"ListItem\",\"position\":1,\"name\":\"Home\",\"item\":\"https:\\\/\\\/superiorflooring.ca\\\/\"},{\"@type\":\"ListItem\",\"position\":2,\"name\":\"Select\"}]},{\"@type\":\"WebSite\",\"@id\":\"https:\\\/\\\/superiorflooring.ca\\\/#website\",\"url\":\"https:\\\/\\\/superiorflooring.ca\\\/\",\"name\":\"Superior Flooring\",\"description\":\"North American Wood Flooring Products\",\"publisher\":{\"@id\":\"https:\\\/\\\/superiorflooring.ca\\\/#organization\"},\"potentialAction\":[{\"@type\":\"SearchAction\",\"target\":{\"@type\":\"EntryPoint\",\"urlTemplate\":\"https:\\\/\\\/superiorflooring.ca\\\/?s={search_term_string}\"},\"query-input\":{\"@type\":\"PropertyValueSpecification\",\"valueRequired\":true,\"valueName\":\"search_term_string\"}}],\"inLanguage\":\"fr-CA\"},{\"@type\":\"Organization\",\"@id\":\"https:\\\/\\\/superiorflooring.ca\\\/#organization\",\"name\":\"Superior Flooring\",\"url\":\"https:\\\/\\\/superiorflooring.ca\\\/\",\"logo\":{\"@type\":\"ImageObject\",\"inLanguage\":\"fr-CA\",\"@id\":\"https:\\\/\\\/superiorflooring.ca\\\/#\\\/schema\\\/logo\\\/image\\\/\",\"url\":\"https:\\\/\\\/www.superiorflooring.ca\\\/wp-content\\\/uploads\\\/2021\\\/01\\\/cropped-footer_logo.png\",\"contentUrl\":\"https:\\\/\\\/www.superiorflooring.ca\\\/wp-content\\\/uploads\\\/2021\\\/01\\\/cropped-footer_logo.png\",\"width\":512,\"height\":512,\"caption\":\"Superior Flooring\"},\"image\":{\"@id\":\"https:\\\/\\\/superiorflooring.ca\\\/#\\\/schema\\\/logo\\\/image\\\/\"}}]}<\/script>\n<!-- \/ Yoast SEO plugin. -->","yoast_head_json":{"title":"Select - Superior Flooring","robots":{"index":"index","follow":"follow","max-snippet":"max-snippet:-1","max-image-preview":"max-image-preview:large","max-video-preview":"max-video-preview:-1"},"canonical":"https:\/\/superiorflooring.ca\/fr\/select\/","og_locale":"fr_CA","og_type":"article","og_title":"Select - Superior Flooring","og_description":"Select Grade features all of wood\u2019s natural features: colour variation, mineral streaking, limited pin holes and...","og_url":"https:\/\/superiorflooring.ca\/fr\/select\/","og_site_name":"Superior Flooring","article_modified_time":"2021-07-02T15:27:43+00:00","twitter_card":"summary_large_image","schema":{"@context":"https:\/\/schema.org","@graph":[{"@type":"WebPage","@id":"https:\/\/superiorflooring.ca\/select\/","url":"https:\/\/superiorflooring.ca\/select\/","name":"Select - Superior Flooring","isPartOf":{"@id":"https:\/\/superiorflooring.ca\/#website"},"datePublished":"2021-07-02T15:24:48+00:00","dateModified":"2021-07-02T15:27:43+00:00","breadcrumb":{"@id":"https:\/\/superiorflooring.ca\/select\/#breadcrumb"},"inLanguage":"fr-CA","potentialAction":[{"@type":"ReadAction","target":["https:\/\/superiorflooring.ca\/select\/"]}]},{"@type":"BreadcrumbList","@id":"https:\/\/superiorflooring.ca\/select\/#breadcrumb","itemListElement":[{"@type":"ListItem","position":1,"name":"Home","item":"https:\/\/superiorflooring.ca\/"},{"@type":"ListItem","position":2,"name":"Select"}]},{"@type":"WebSite","@id":"https:\/\/superiorflooring.ca\/#website","url":"https:\/\/superiorflooring.ca\/","name":"Superior Flooring","description":"North American Wood Flooring Products","publisher":{"@id":"https:\/\/superiorflooring.ca\/#organization"},"potentialAction":[{"@type":"SearchAction","target":{"@type":"EntryPoint","urlTemplate":"https:\/\/superiorflooring.ca\/?s={search_term_string}"},"query-input":{"@type":"PropertyValueSpecification","valueRequired":true,"valueName":"search_term_string"}}],"inLanguage":"fr-CA"},{"@type":"Organization","@id":"https:\/\/superiorflooring.ca\/#organization","name":"Superior Flooring","url":"https:\/\/superiorflooring.ca\/","logo":{"@type":"ImageObject","inLanguage":"fr-CA","@id":"https:\/\/superiorflooring.ca\/#\/schema\/logo\/image\/","url":"https:\/\/www.superiorflooring.ca\/wp-content\/uploads\/2021\/01\/cropped-footer_logo.png","contentUrl":"https:\/\/www.superiorflooring.ca\/wp-content\/uploads\/2021\/01\/cropped-footer_logo.png","width":512,"height":512,"caption":"Superior Flooring"},"image":{"@id":"https:\/\/superiorflooring.ca\/#\/schema\/logo\/image\/"}}]}},"_links":{"self":[{"href":"https:\/\/superiorflooring.ca\/fr\/wp-json\/wp\/v2\/pages\/3450","targetHints":{"allow":["GET"]}}],"collection":[{"href":"https:\/\/superiorflooring.ca\/fr\/wp-json\/wp\/v2\/pages"}],"about":[{"href":"https:\/\/superiorflooring.ca\/fr\/wp-json\/wp\/v2\/types\/page"}],"author":[{"embeddable":true,"href":"https:\/\/superiorflooring.ca\/fr\/wp-json\/wp\/v2\/users\/1"}],"replies":[{"embeddable":true,"href":"https:\/\/superiorflooring.ca\/fr\/wp-json\/wp\/v2\/comments?post=3450"}],"version-history":[{"count":0,"href":"https:\/\/superiorflooring.ca\/fr\/wp-json\/wp\/v2\/pages\/3450\/revisions"}],"wp:attachment":[{"href":"https:\/\/superiorflooring.ca\/fr\/wp-json\/wp\/v2\/media?parent=3450"}],"curies":[{"name":"wp","href":"https:\/\/api.w.org\/{rel}","templated":true}]}}