{"id":3452,"date":"2021-07-02T11:25:30","date_gmt":"2021-07-02T15:25:30","guid":{"rendered":"http:\/\/superiorflooring.ca\/?page_id=3452"},"modified":"2021-07-02T11:26:43","modified_gmt":"2021-07-02T15:26:43","slug":"heritage","status":"publish","type":"page","link":"https:\/\/superiorflooring.ca\/fr\/heritage\/","title":{"rendered":"Patrimoine"},"content":{"rendered":"\t\t<div data-elementor-type=\"wp-page\" data-elementor-id=\"3452\" class=\"elementor elementor-3452\" data-elementor-post-type=\"page\">\n\t\t\t\t\t\t<section class=\"elementor-section elementor-top-section elementor-element elementor-element-1d1802c elementor-section-stretched elementor-section-boxed elementor-section-height-default elementor-section-height-default\" data-id=\"1d1802c\" data-element_type=\"section\" data-e-type=\"section\" data-settings=\"{&quot;stretch_section&quot;:&quot;section-stretched&quot;,&quot;background_background&quot;:&quot;classic&quot;}\">\n\t\t\t\t\t\t\t<div class=\"elementor-background-overlay\"><\/div>\n\t\t\t\t\t\t\t<div class=\"elementor-container elementor-column-gap-default\">\n\t\t\t\t\t<div class=\"elementor-column elementor-col-100 elementor-top-column elementor-element elementor-element-a98474e\" data-id=\"a98474e\" data-element_type=\"column\" data-e-type=\"column\">\n\t\t\t<div class=\"elementor-widget-wrap elementor-element-populated\">\n\t\t\t\t\t\t\t<\/div>\n\t\t<\/div>\n\t\t\t\t\t<\/div>\n\t\t<\/section>\n\t\t\t\t<section class=\"elementor-section elementor-top-section elementor-element elementor-element-fa3193d elementor-section-boxed elementor-section-height-default elementor-section-height-default\" data-id=\"fa3193d\" data-element_type=\"section\" data-e-type=\"section\">\n\t\t\t\t\t\t<div class=\"elementor-container elementor-column-gap-default\">\n\t\t\t\t\t<div class=\"elementor-column elementor-col-33 elementor-top-column elementor-element elementor-element-8c9eb3c\" data-id=\"8c9eb3c\" data-element_type=\"column\" data-e-type=\"column\">\n\t\t\t<div class=\"elementor-widget-wrap elementor-element-populated\">\n\t\t\t\t\t\t<section class=\"elementor-section elementor-inner-section elementor-element elementor-element-1d1304d elementor-section-boxed elementor-section-height-default elementor-section-height-default\" data-id=\"1d1304d\" data-element_type=\"section\" data-e-type=\"section\" data-settings=\"{&quot;sticky&quot;:&quot;top&quot;,&quot;sticky_on&quot;:[&quot;desktop&quot;,&quot;tablet&quot;],&quot;sticky_offset&quot;:100,&quot;sticky_parent&quot;:&quot;yes&quot;,&quot;sticky_effects_offset&quot;:0,&quot;sticky_anchor_link_offset&quot;:0}\">\n\t\t\t\t\t\t<div class=\"elementor-container elementor-column-gap-default\">\n\t\t\t\t\t<div class=\"elementor-column elementor-col-100 elementor-inner-column elementor-element elementor-element-b998945\" data-id=\"b998945\" data-element_type=\"column\" data-e-type=\"column\">\n\t\t\t<div class=\"elementor-widget-wrap elementor-element-populated\">\n\t\t\t\t\t\t<div class=\"elementor-element elementor-element-703e0bb elementor-widget elementor-widget-text-editor\" data-id=\"703e0bb\" data-element_type=\"widget\" data-e-type=\"widget\" data-widget_type=\"text-editor.default\">\n\t\t\t\t\t\t\t\t\t<p><span style=\"color: #000000; font-family: Montserrat, sans-serif; font-size: 14px; text-align: center;\">Heritage Grade flooring has all the features of Select but also includes an allowance for pin holes, checking, heavy mineral streaking, large filled knots that can be up to two inches in diameter and a pith that is natural character from the center of the tree. Every Heritage Grade floor is uniquely different making it a great choice for those who want an extraordinary and diverse floor full of character.<\/span><\/p>\t\t\t\t\t\t\t\t<\/div>\n\t\t\t\t\t<\/div>\n\t\t<\/div>\n\t\t\t\t\t<\/div>\n\t\t<\/section>\n\t\t\t\t\t<\/div>\n\t\t<\/div>\n\t\t\t\t<div class=\"elementor-column elementor-col-66 elementor-top-column elementor-element elementor-element-b476fcd\" data-id=\"b476fcd\" data-element_type=\"column\" data-e-type=\"column\">\n\t\t\t<div class=\"elementor-widget-wrap elementor-element-populated\">\n\t\t\t\t\t\t<div class=\"elementor-element elementor-element-8595b46 elementor-widget elementor-widget-shortcode\" data-id=\"8595b46\" data-element_type=\"widget\" data-e-type=\"widget\" data-widget_type=\"shortcode.default\">\n\t\t\t\t\t\t\t<div class=\"elementor-shortcode\"><div id=\"ajax-load-more\" class=\"ajax-load-more-wrap infinite ring\" data-id=\"1415336622\" data-alm-id=\"\" data-canonical-url=\"https:\/\/superiorflooring.ca\/fr\/heritage\/\" data-slug=\"heritage\" data-post-id=\"3452\"  data-localized=\"ajax_load_more_1415336622_vars\" data-alm-object=\"ajax_load_more_1415336622\"><div aria-live=\"polite\" aria-atomic=\"true\" class=\"alm-listing alm-ajax\" data-container-type=\"div\" data-loading-style=\"infinite ring\" data-repeater=\"default\" data-post-type=\"product_variation\" data-meta-key=\"_hidden:attribute_pa_grade\" data-meta-value=\"yes:heritage\" data-meta-compare=\"IN:IN\" data-meta-relation=\"AND\" data-meta-type=\"CHAR:CHAR\" data-order=\"DESC\" data-orderby=\"date\" data-offset=\"0\" data-posts-per-page=\"12\" data-pause-override=\"true\" data-button-label=\"Load More\" data-button-done-label=\"There are no more products...\" data-prev-button-label=\"Load Previous\" data-images-loaded=\"true\"><\/div><div class=\"alm-btn-wrap\" data-rel=\"ajax-load-more\"><button class=\"alm-load-more-btn listingButton\" type=\"button\">Load More<\/button><\/div><\/div>\n\n\n<\/div>\n\t\t\t\t\t\t<\/div>\n\t\t\t\t\t<\/div>\n\t\t<\/div>\n\t\t\t\t\t<\/div>\n\t\t<\/section>\n\t\t\t\t<section class=\"elementor-section elementor-top-section elementor-element elementor-element-71ffd69 elementor-section-boxed elementor-section-height-default elementor-section-height-default\" data-id=\"71ffd69\" data-element_type=\"section\" data-e-type=\"section\">\n\t\t\t\t\t\t<div class=\"elementor-container elementor-column-gap-default\">\n\t\t\t\t\t<div class=\"elementor-column elementor-col-100 elementor-top-column elementor-element elementor-element-efa8a3b\" data-id=\"efa8a3b\" data-element_type=\"column\" data-e-type=\"column\">\n\t\t\t<div class=\"elementor-widget-wrap elementor-element-populated\">\n\t\t\t\t\t\t<div class=\"elementor-element elementor-element-74f31dd elementor-widget elementor-widget-spacer\" data-id=\"74f31dd\" data-element_type=\"widget\" data-e-type=\"widget\" data-widget_type=\"spacer.default\">\n\t\t\t\t\t\t\t<div class=\"elementor-spacer\">\n\t\t\t<div class=\"elementor-spacer-inner\"><\/div>\n\t\t<\/div>\n\t\t\t\t\t\t<\/div>\n\t\t\t\t\t<\/div>\n\t\t<\/div>\n\t\t\t\t\t<\/div>\n\t\t<\/section>\n\t\t\t\t<\/div>\n\t\t","protected":false},"excerpt":{"rendered":"<p>Le rev\u00eatement de sol Heritage Grade poss\u00e8de toutes les caract\u00e9ristiques de Select, mais comprend \u00e9galement une tol\u00e9rance pour les \u00e9pingles\u2026<\/p>","protected":false},"author":1,"featured_media":0,"parent":0,"menu_order":0,"comment_status":"closed","ping_status":"closed","template":"elementor_header_footer","meta":{"site-sidebar-layout":"no-sidebar","site-content-layout":"page-builder","ast-site-content-layout":"","site-content-style":"default","site-sidebar-style":"default","ast-global-header-display":"","ast-banner-title-visibility":"","ast-main-header-display":"","ast-hfb-above-header-display":"","ast-hfb-below-header-display":"","ast-hfb-mobile-header-display":"","site-post-title":"disabled","ast-breadcrumbs-content":"","ast-featured-img":"disabled","footer-sml-layout":"","theme-transparent-header-meta":"default","adv-header-id-meta":"","stick-header-meta":"","header-above-stick-meta":"","header-main-stick-meta":"","header-below-stick-meta":"","astra-migrate-meta-layouts":"default","ast-page-background-enabled":"default","ast-page-background-meta":{"desktop":{"background-color":"","background-image":"","background-repeat":"repeat","background-position":"center center","background-size":"auto","background-attachment":"scroll","background-type":"","background-media":"","overlay-type":"","overlay-color":"","overlay-opacity":"","overlay-gradient":""},"tablet":{"background-color":"","background-image":"","background-repeat":"repeat","background-position":"center center","background-size":"auto","background-attachment":"scroll","background-type":"","background-media":"","overlay-type":"","overlay-color":"","overlay-opacity":"","overlay-gradient":""},"mobile":{"background-color":"","background-image":"","background-repeat":"repeat","background-position":"center center","background-size":"auto","background-attachment":"scroll","background-type":"","background-media":"","overlay-type":"","overlay-color":"","overlay-opacity":"","overlay-gradient":""}},"ast-content-background-meta":{"desktop":{"background-color":"var(--ast-global-color-5)","background-image":"","background-repeat":"repeat","background-position":"center center","background-size":"auto","background-attachment":"scroll","background-type":"","background-media":"","overlay-type":"","overlay-color":"","overlay-opacity":"","overlay-gradient":""},"tablet":{"background-color":"var(--ast-global-color-5)","background-image":"","background-repeat":"repeat","background-position":"center center","background-size":"auto","background-attachment":"scroll","background-type":"","background-media":"","overlay-type":"","overlay-color":"","overlay-opacity":"","overlay-gradient":""},"mobile":{"background-color":"var(--ast-global-color-5)","background-image":"","background-repeat":"repeat","background-position":"center center","background-size":"auto","background-attachment":"scroll","background-type":"","background-media":"","overlay-type":"","overlay-color":"","overlay-opacity":"","overlay-gradient":""}},"footnotes":""},"class_list":["post-3452","page","type-page","status-publish","hentry"],"yoast_head":"<!-- This site is optimized with the Yoast SEO plugin v27.3 - https:\/\/yoast.com\/product\/yoast-seo-wordpress\/ -->\n<title>Heritage - Superior Flooring<\/title>\n<meta name=\"robots\" content=\"index, follow, max-snippet:-1, max-image-preview:large, max-video-preview:-1\" \/>\n<link rel=\"canonical\" href=\"https:\/\/superiorflooring.ca\/fr\/heritage\/\" \/>\n<meta property=\"og:locale\" content=\"fr_CA\" \/>\n<meta property=\"og:type\" content=\"article\" \/>\n<meta property=\"og:title\" content=\"Heritage - Superior Flooring\" \/>\n<meta property=\"og:description\" content=\"Heritage Grade flooring has all the features of Select but also includes an allowance for pin...\" \/>\n<meta property=\"og:url\" content=\"https:\/\/superiorflooring.ca\/fr\/heritage\/\" \/>\n<meta property=\"og:site_name\" content=\"Superior Flooring\" \/>\n<meta property=\"article:modified_time\" content=\"2021-07-02T15:26:43+00:00\" \/>\n<meta name=\"twitter:card\" content=\"summary_large_image\" \/>\n<meta name=\"twitter:label1\" content=\"Estimation du temps de lecture\" \/>\n\t<meta name=\"twitter:data1\" content=\"1 minute\" \/>\n<script type=\"application\/ld+json\" class=\"yoast-schema-graph\">{\"@context\":\"https:\\\/\\\/schema.org\",\"@graph\":[{\"@type\":\"WebPage\",\"@id\":\"https:\\\/\\\/superiorflooring.ca\\\/heritage\\\/\",\"url\":\"https:\\\/\\\/superiorflooring.ca\\\/heritage\\\/\",\"name\":\"Heritage - Superior Flooring\",\"isPartOf\":{\"@id\":\"https:\\\/\\\/superiorflooring.ca\\\/#website\"},\"datePublished\":\"2021-07-02T15:25:30+00:00\",\"dateModified\":\"2021-07-02T15:26:43+00:00\",\"breadcrumb\":{\"@id\":\"https:\\\/\\\/superiorflooring.ca\\\/heritage\\\/#breadcrumb\"},\"inLanguage\":\"fr-CA\",\"potentialAction\":[{\"@type\":\"ReadAction\",\"target\":[\"https:\\\/\\\/superiorflooring.ca\\\/heritage\\\/\"]}]},{\"@type\":\"BreadcrumbList\",\"@id\":\"https:\\\/\\\/superiorflooring.ca\\\/heritage\\\/#breadcrumb\",\"itemListElement\":[{\"@type\":\"ListItem\",\"position\":1,\"name\":\"Home\",\"item\":\"https:\\\/\\\/superiorflooring.ca\\\/\"},{\"@type\":\"ListItem\",\"position\":2,\"name\":\"Heritage\"}]},{\"@type\":\"WebSite\",\"@id\":\"https:\\\/\\\/superiorflooring.ca\\\/#website\",\"url\":\"https:\\\/\\\/superiorflooring.ca\\\/\",\"name\":\"Superior Flooring\",\"description\":\"North American Wood Flooring Products\",\"publisher\":{\"@id\":\"https:\\\/\\\/superiorflooring.ca\\\/#organization\"},\"potentialAction\":[{\"@type\":\"SearchAction\",\"target\":{\"@type\":\"EntryPoint\",\"urlTemplate\":\"https:\\\/\\\/superiorflooring.ca\\\/?s={search_term_string}\"},\"query-input\":{\"@type\":\"PropertyValueSpecification\",\"valueRequired\":true,\"valueName\":\"search_term_string\"}}],\"inLanguage\":\"fr-CA\"},{\"@type\":\"Organization\",\"@id\":\"https:\\\/\\\/superiorflooring.ca\\\/#organization\",\"name\":\"Superior Flooring\",\"url\":\"https:\\\/\\\/superiorflooring.ca\\\/\",\"logo\":{\"@type\":\"ImageObject\",\"inLanguage\":\"fr-CA\",\"@id\":\"https:\\\/\\\/superiorflooring.ca\\\/#\\\/schema\\\/logo\\\/image\\\/\",\"url\":\"https:\\\/\\\/www.superiorflooring.ca\\\/wp-content\\\/uploads\\\/2021\\\/01\\\/cropped-footer_logo.png\",\"contentUrl\":\"https:\\\/\\\/www.superiorflooring.ca\\\/wp-content\\\/uploads\\\/2021\\\/01\\\/cropped-footer_logo.png\",\"width\":512,\"height\":512,\"caption\":\"Superior Flooring\"},\"image\":{\"@id\":\"https:\\\/\\\/superiorflooring.ca\\\/#\\\/schema\\\/logo\\\/image\\\/\"}}]}<\/script>\n<!-- \/ Yoast SEO plugin. -->","yoast_head_json":{"title":"Heritage - Superior Flooring","robots":{"index":"index","follow":"follow","max-snippet":"max-snippet:-1","max-image-preview":"max-image-preview:large","max-video-preview":"max-video-preview:-1"},"canonical":"https:\/\/superiorflooring.ca\/fr\/heritage\/","og_locale":"fr_CA","og_type":"article","og_title":"Heritage - Superior Flooring","og_description":"Heritage Grade flooring has all the features of Select but also includes an allowance for pin...","og_url":"https:\/\/superiorflooring.ca\/fr\/heritage\/","og_site_name":"Superior Flooring","article_modified_time":"2021-07-02T15:26:43+00:00","twitter_card":"summary_large_image","twitter_misc":{"Estimation du temps de lecture":"1 minute"},"schema":{"@context":"https:\/\/schema.org","@graph":[{"@type":"WebPage","@id":"https:\/\/superiorflooring.ca\/heritage\/","url":"https:\/\/superiorflooring.ca\/heritage\/","name":"Heritage - Superior Flooring","isPartOf":{"@id":"https:\/\/superiorflooring.ca\/#website"},"datePublished":"2021-07-02T15:25:30+00:00","dateModified":"2021-07-02T15:26:43+00:00","breadcrumb":{"@id":"https:\/\/superiorflooring.ca\/heritage\/#breadcrumb"},"inLanguage":"fr-CA","potentialAction":[{"@type":"ReadAction","target":["https:\/\/superiorflooring.ca\/heritage\/"]}]},{"@type":"BreadcrumbList","@id":"https:\/\/superiorflooring.ca\/heritage\/#breadcrumb","itemListElement":[{"@type":"ListItem","position":1,"name":"Home","item":"https:\/\/superiorflooring.ca\/"},{"@type":"ListItem","position":2,"name":"Heritage"}]},{"@type":"WebSite","@id":"https:\/\/superiorflooring.ca\/#website","url":"https:\/\/superiorflooring.ca\/","name":"Superior Flooring","description":"North American Wood Flooring Products","publisher":{"@id":"https:\/\/superiorflooring.ca\/#organization"},"potentialAction":[{"@type":"SearchAction","target":{"@type":"EntryPoint","urlTemplate":"https:\/\/superiorflooring.ca\/?s={search_term_string}"},"query-input":{"@type":"PropertyValueSpecification","valueRequired":true,"valueName":"search_term_string"}}],"inLanguage":"fr-CA"},{"@type":"Organization","@id":"https:\/\/superiorflooring.ca\/#organization","name":"Superior Flooring","url":"https:\/\/superiorflooring.ca\/","logo":{"@type":"ImageObject","inLanguage":"fr-CA","@id":"https:\/\/superiorflooring.ca\/#\/schema\/logo\/image\/","url":"https:\/\/www.superiorflooring.ca\/wp-content\/uploads\/2021\/01\/cropped-footer_logo.png","contentUrl":"https:\/\/www.superiorflooring.ca\/wp-content\/uploads\/2021\/01\/cropped-footer_logo.png","width":512,"height":512,"caption":"Superior Flooring"},"image":{"@id":"https:\/\/superiorflooring.ca\/#\/schema\/logo\/image\/"}}]}},"_links":{"self":[{"href":"https:\/\/superiorflooring.ca\/fr\/wp-json\/wp\/v2\/pages\/3452","targetHints":{"allow":["GET"]}}],"collection":[{"href":"https:\/\/superiorflooring.ca\/fr\/wp-json\/wp\/v2\/pages"}],"about":[{"href":"https:\/\/superiorflooring.ca\/fr\/wp-json\/wp\/v2\/types\/page"}],"author":[{"embeddable":true,"href":"https:\/\/superiorflooring.ca\/fr\/wp-json\/wp\/v2\/users\/1"}],"replies":[{"embeddable":true,"href":"https:\/\/superiorflooring.ca\/fr\/wp-json\/wp\/v2\/comments?post=3452"}],"version-history":[{"count":0,"href":"https:\/\/superiorflooring.ca\/fr\/wp-json\/wp\/v2\/pages\/3452\/revisions"}],"wp:attachment":[{"href":"https:\/\/superiorflooring.ca\/fr\/wp-json\/wp\/v2\/media?parent=3452"}],"curies":[{"name":"wp","href":"https:\/\/api.w.org\/{rel}","templated":true}]}}