{"id":552,"date":"2021-03-17T19:47:38","date_gmt":"2021-03-17T19:47:38","guid":{"rendered":"http:\/\/superiorflooring.ca\/?page_id=552"},"modified":"2024-06-20T11:35:29","modified_gmt":"2024-06-20T15:35:29","slug":"privacy-policy","status":"publish","type":"page","link":"https:\/\/superiorflooring.ca\/fr\/privacy-policy\/","title":{"rendered":"Privacy Policy"},"content":{"rendered":"<div data-elementor-type=\"wp-page\" data-elementor-id=\"552\" class=\"elementor elementor-552\" data-elementor-post-type=\"page\">\n\t\t\t\t\t\t<section class=\"elementor-section elementor-top-section elementor-element elementor-element-e662564 elementor-section-stretched elementor-section-boxed elementor-section-height-default elementor-section-height-default\" data-id=\"e662564\" data-element_type=\"section\" data-e-type=\"section\" data-settings=\"{&quot;stretch_section&quot;:&quot;section-stretched&quot;,&quot;background_background&quot;:&quot;classic&quot;}\">\n\t\t\t\t\t\t<div class=\"elementor-container elementor-column-gap-default\">\n\t\t\t\t\t<div class=\"elementor-column elementor-col-100 elementor-top-column elementor-element elementor-element-70da993\" data-id=\"70da993\" data-element_type=\"column\" data-e-type=\"column\">\n\t\t\t<div class=\"elementor-widget-wrap elementor-element-populated\">\n\t\t\t\t\t\t<div class=\"elementor-element elementor-element-f59694c elementor-widget elementor-widget-heading\" data-id=\"f59694c\" data-element_type=\"widget\" data-e-type=\"widget\" data-widget_type=\"heading.default\">\n\t\t\t\t\t<h1 class=\"elementor-heading-title elementor-size-default\"><span style=\"font-size: .75em\">Confidentialit\u00e9<\/span><br>Politique<\/h1>\t\t\t\t<\/div>\n\t\t\t\t\t<\/div>\n\t\t<\/div>\n\t\t\t\t\t<\/div>\n\t\t<\/section>\n\t\t\t\t<section class=\"elementor-section elementor-top-section elementor-element elementor-element-3dc7bdc elementor-section-boxed elementor-section-height-default elementor-section-height-default\" data-id=\"3dc7bdc\" data-element_type=\"section\" data-e-type=\"section\">\n\t\t\t\t\t\t<div class=\"elementor-container elementor-column-gap-default\">\n\t\t\t\t\t<div class=\"elementor-column elementor-col-100 elementor-top-column elementor-element elementor-element-147176a\" data-id=\"147176a\" data-element_type=\"column\" data-e-type=\"column\">\n\t\t\t<div class=\"elementor-widget-wrap elementor-element-populated\">\n\t\t\t\t\t\t<div class=\"elementor-element elementor-element-e5b4279 elementor-widget elementor-widget-spacer\" data-id=\"e5b4279\" data-element_type=\"widget\" data-e-type=\"widget\" data-widget_type=\"spacer.default\">\n\t\t\t\t\t\t\t<div class=\"elementor-spacer\">\n\t\t\t<div class=\"elementor-spacer-inner\"><\/div>\n\t\t<\/div>\n\t\t\t\t\t\t<\/div>\n\t\t\t\t<div class=\"elementor-element elementor-element-9994f4d elementor-widget elementor-widget-text-editor\" data-id=\"9994f4d\" data-element_type=\"widget\" data-e-type=\"widget\" data-widget_type=\"text-editor.default\">\n\t\t\t\t\t\t\t\t\t<p><\/p>\n<h2 class=\"wp-block-heading\">MENTIONS L\u00c9GALES ET CONDITIONS D&#039;UTILISATION<\/h2>\n<p>Ce site Web appartient et est exploit\u00e9 par Herwynen Sawmill Limited Canada. Cette page contient des avis de droits de propri\u00e9t\u00e9 et des conditions d&#039;utilisation de ce site. En utilisant ce site, vous acceptez ces conditions d&#039;utilisation. Si vous n&#039;acceptez pas ces conditions d&#039;utilisation, veuillez ne pas utiliser le site.<\/p>\n<h2>COPYRIGHT<\/h2>\n<p>Droit d&#039;auteur Herwynen Sawmill Limited Canada. Tous droits r\u00e9serv\u00e9s.<\/p>\n<h2>MARQUES DE COMMERCE<\/h2>\n<p>Les marques de service et les marques d\u00e9pos\u00e9es de Herwynen et de ses soci\u00e9t\u00e9s affili\u00e9es sont la propri\u00e9t\u00e9 exclusive de Herwynen. Toutes les autres marques, noms de produits et noms ou logos de soci\u00e9t\u00e9s cit\u00e9s dans le pr\u00e9sent document sont la propri\u00e9t\u00e9 de leurs propri\u00e9taires respectifs.<\/p>\n<h2>LIMITES D&#039;UTILISATION<\/h2>\n<p>Ce site Web appartient et est exploit\u00e9 par Herwynen Sawmill Limited Canada et est destin\u00e9 \u00e0 l&#039;usage personnel et non commercial de l&#039;utilisateur. L&#039;Utilisateur ne peut pas modifier, transmettre, afficher, ex\u00e9cuter, reproduire, publier, conc\u00e9der sous licence, cr\u00e9er des \u0153uvres d\u00e9riv\u00e9es, transf\u00e9rer ou vendre, de quelque mani\u00e8re que ce soit, des informations, documents, graphiques, logiciels, produits ou services (\u00ab\u00a0Mat\u00e9riels\u00a0\u00bb) obtenus \u00e0 partir de ce Site Web, sauf que l&#039;utilisateur peut visualiser le contenu dans sa forme actuelle et que l&#039;utilisateur peut t\u00e9l\u00e9charger sur n&#039;importe quel ordinateur une (1) copie du mat\u00e9riel pour un usage domestique personnel et non commercial, \u00e0 condition que l&#039;utilisateur conserve intacts tous les droits d&#039;auteur et autres avis de propri\u00e9t\u00e9. L&#039;utilisation de tout mat\u00e9riel sur tout autre site Web ou environnement informatique en r\u00e9seau est interdite. L&#039;utilisateur reconna\u00eet que l&#039;utilisation non autoris\u00e9e du contenu du site Web peut l&#039;exposer \u00e0 une responsabilit\u00e9 civile ou p\u00e9nale.<\/p>\n<h2>LOIS APPLICABLES<\/h2>\n<p>Ce site Web (\u00e0 l&#039;exclusion des sites li\u00e9s) est contr\u00f4l\u00e9 par Herwynen depuis ses bureaux dans la province de l&#039;Ontario, Canada. En acc\u00e9dant \u00e0 ce site Web, vous et Herwynen acceptez que les statuts et les lois de la province de l&#039;Ontario, sans \u00e9gard aux principes de conflits de lois, s&#039;appliqueront \u00e0 toutes les questions relatives \u00e0 l&#039;utilisation de ce site Web. Ceux qui choisissent d&#039;acc\u00e9der \u00e0 ce site depuis d&#039;autres endroits le font de leur propre initiative et sont responsables du respect des lois locales, si et dans la mesure o\u00f9 les lois locales sont applicables.<\/p>\n<h2>EXCLUSION DE GARANTIE ET LIMITATION DE RESPONSABILIT\u00c9<\/h2>\n<p>Ce site peut contenir des inexactitudes techniques ou des erreurs typographiques. Les informations sur ce site et tous les produits ou services auxquels ce site fait r\u00e9f\u00e9rence peuvent \u00eatre modifi\u00e9s \u00e0 tout moment sans pr\u00e9avis. Herwynen ne garantit pas que les fonctions contenues dans le mat\u00e9riel de son site Web seront ininterrompues ou exemptes d&#039;erreurs, que les d\u00e9fauts seront corrig\u00e9s ou que ce site ou le serveur qui le rend disponible sera exempt de virus ou d&#039;autres composants nuisibles. Herwynen ne fait aucune d\u00e9claration concernant tout autre site Web auquel vous pouvez acc\u00e9der via celui-ci. Ces sites li\u00e9s ne sont pas sous le contr\u00f4le de Herwynen, et Herwynen n&#039;est pas responsable du contenu de tout site li\u00e9 ou de tout lien contenu dans un site li\u00e9 ou de toute modification apport\u00e9e \u00e0 ces sites. Ces liens sont fournis uniquement \u00e0 titre de commodit\u00e9, et l&#039;inclusion d&#039;un lien n&#039;implique pas l&#039;approbation par Herwynen du site li\u00e9. Les liens vers ce site Web ne doivent pas \u00eatre cr\u00e9\u00e9s sans l&#039;autorisation de Herwynen. Veuillez adresser votre demande ici. Herwynen ne fait aucune d\u00e9claration quant \u00e0 la pertinence du mat\u00e9riel contenu sur ce site Web. Tous ces mat\u00e9riaux sont fournis \u00ab tels quels \u00bb sans garantie d&#039;aucune sorte, expresse ou implicite dans toute la mesure permise par la loi applicable, et Herwynen d\u00e9cline par la pr\u00e9sente toute garantie et condition concernant les mat\u00e9riaux, y compris toutes les garanties et conditions implicites de qualit\u00e9 marchande, ad\u00e9quation \u00e0 un usage particulier, titre et non-contrefa\u00e7on.<\/p>\n<h2>POLITIQUE DE CONFIDENTIALIT\u00c9<\/h2>\n<p>Herwynen s&#039;engage \u00e0 respecter toutes nos obligations envers nos clients pour prot\u00e9ger leurs donn\u00e9es et uniquement pour les collecter, les utiliser et les divulguer \u00e0 des fins autoris\u00e9es. Herwynen peut recueillir des donn\u00e9es statistiques et sur les pr\u00e9f\u00e9rences des utilisateurs par le biais de cookies, de profilage et d&#039;autres techniques de collecte de donn\u00e9es, mais ce processus n&#039;implique pas la collecte, l&#039;utilisation ou la divulgation d&#039;informations personnellement identifiables. Herwynen pourrait aller au-del\u00e0 du simple r\u00f4le d\u2019interm\u00e9diaire pour cr\u00e9er des donn\u00e9es am\u00e9lior\u00e9es. Herwynen peut le faire en collectant des donn\u00e9es sur les URL, les certificats d&#039;identit\u00e9 des utilisateurs, les c\u00e2bles de connexion, les identifiants temporaires ou de site et d&#039;autres informations de contact en ligne. Herwynen n&#039;int\u00e8gre pas ces informations avec des noms, adresses, e-mails ou autres donn\u00e9es de mani\u00e8re \u00e0 identifier une personne individuelle. Les informations obtenues de cette mani\u00e8re par Herwynen n&#039;incluent pas les informations personnelles identifiables telles que le nom, l&#039;adresse, le num\u00e9ro de t\u00e9l\u00e9phone et l&#039;adresse e-mail, qui ne sont ni collect\u00e9es ni utilis\u00e9es par Herwynen dans sa cr\u00e9ation de donn\u00e9es am\u00e9lior\u00e9es, ni divulgu\u00e9es par Herwynen \u00e0 des tiers, sauf avec le consentement de la personne \u00e0 laquelle les donn\u00e9es se rapportent. Gr\u00e2ce \u00e0 l&#039;utilisation de cookies, Herwynen peut \u00e9galement collecter, stocker et utiliser des informations concernant le syst\u00e8me informatique d&#039;un utilisateur et associer ces informations \u00e0 d&#039;autres informations collect\u00e9es aupr\u00e8s de l&#039;utilisateur. Herwynen peut utiliser ces informations \u00e0 des fins de r\u00e9alisation et de support de l&#039;activit\u00e9 en cours, d&#039;administration du site Web et du syst\u00e8me, de personnalisation des sites Web de nos clients professionnels, d&#039;am\u00e9lioration du contenu du site Web, de recherche et d\u00e9veloppement, ou d&#039;informer l&#039;utilisateur des mises \u00e0 jour de le site Web. Ces informations peuvent \u00eatre distribu\u00e9es \u00e0 Herwynen, aux agents de Herwynen et aux clients professionnels de Herwynen. Toute communication ou tout mat\u00e9riel envoy\u00e9 au site Web par tout utilisateur par courrier \u00e9lectronique ou autrement, y compris les commentaires, donn\u00e9es, questions, suggestions ou autres, sera trait\u00e9 comme non confidentiel et non exclusif. Toute utilisation de ce mat\u00e9riel ne viole aucun droit de l&#039;utilisateur, y compris les droits moraux, les droits \u00e0 la vie priv\u00e9e, les droits de propri\u00e9t\u00e9 ou autres droits de propri\u00e9t\u00e9, les droits de publicit\u00e9, les droits au cr\u00e9dit pour le mat\u00e9riel ou les id\u00e9es, ou tout autre droit, y compris le droit d&#039;approuver la mani\u00e8re dont Herwynen utilise ce mat\u00e9riel. mat\u00e9riel.<\/p>\n<p><\/p>\t\t\t\t\t\t\t\t<\/div>\n\t\t\t\t<div class=\"elementor-element elementor-element-d1d3c95 elementor-widget elementor-widget-spacer\" data-id=\"d1d3c95\" data-element_type=\"widget\" data-e-type=\"widget\" data-widget_type=\"spacer.default\">\n\t\t\t\t\t\t\t<div class=\"elementor-spacer\">\n\t\t\t<div class=\"elementor-spacer-inner\"><\/div>\n\t\t<\/div>\n\t\t\t\t\t\t<\/div>\n\t\t\t\t\t<\/div>\n\t\t<\/div>\n\t\t\t\t\t<\/div>\n\t\t<\/section>\n\t\t\t\t<\/div>","protected":false},"excerpt":{"rendered":"<p>PrivacyPolicy LEGAL NOTICES AND TERMS OF USE This World Wide Web site is owned and operated&#8230;<\/p>","protected":false},"author":1,"featured_media":0,"parent":0,"menu_order":0,"comment_status":"closed","ping_status":"closed","template":"elementor_header_footer","meta":{"site-sidebar-layout":"no-sidebar","site-content-layout":"page-builder","ast-site-content-layout":"","site-content-style":"default","site-sidebar-style":"default","ast-global-header-display":"","ast-banner-title-visibility":"","ast-main-header-display":"","ast-hfb-above-header-display":"","ast-hfb-below-header-display":"","ast-hfb-mobile-header-display":"","site-post-title":"disabled","ast-breadcrumbs-content":"","ast-featured-img":"disabled","footer-sml-layout":"","theme-transparent-header-meta":"default","adv-header-id-meta":"","stick-header-meta":"","header-above-stick-meta":"","header-main-stick-meta":"","header-below-stick-meta":"","astra-migrate-meta-layouts":"default","ast-page-background-enabled":"default","ast-page-background-meta":{"desktop":{"background-color":"","background-image":"","background-repeat":"repeat","background-position":"center center","background-size":"auto","background-attachment":"scroll","background-type":"","background-media":"","overlay-type":"","overlay-color":"","overlay-opacity":"","overlay-gradient":""},"tablet":{"background-color":"","background-image":"","background-repeat":"repeat","background-position":"center center","background-size":"auto","background-attachment":"scroll","background-type":"","background-media":"","overlay-type":"","overlay-color":"","overlay-opacity":"","overlay-gradient":""},"mobile":{"background-color":"","background-image":"","background-repeat":"repeat","background-position":"center center","background-size":"auto","background-attachment":"scroll","background-type":"","background-media":"","overlay-type":"","overlay-color":"","overlay-opacity":"","overlay-gradient":""}},"ast-content-background-meta":{"desktop":{"background-color":"var(--ast-global-color-5)","background-image":"","background-repeat":"repeat","background-position":"center center","background-size":"auto","background-attachment":"scroll","background-type":"","background-media":"","overlay-type":"","overlay-color":"","overlay-opacity":"","overlay-gradient":""},"tablet":{"background-color":"var(--ast-global-color-5)","background-image":"","background-repeat":"repeat","background-position":"center center","background-size":"auto","background-attachment":"scroll","background-type":"","background-media":"","overlay-type":"","overlay-color":"","overlay-opacity":"","overlay-gradient":""},"mobile":{"background-color":"var(--ast-global-color-5)","background-image":"","background-repeat":"repeat","background-position":"center center","background-size":"auto","background-attachment":"scroll","background-type":"","background-media":"","overlay-type":"","overlay-color":"","overlay-opacity":"","overlay-gradient":""}},"footnotes":""},"class_list":["post-552","page","type-page","status-publish","hentry"],"yoast_head":"<!-- This site is optimized with the Yoast SEO plugin v27.4 - https:\/\/yoast.com\/product\/yoast-seo-wordpress\/ -->\n<title>Privacy Policy - Superior Flooring<\/title>\n<meta name=\"robots\" content=\"index, follow, max-snippet:-1, max-image-preview:large, max-video-preview:-1\" \/>\n<link rel=\"canonical\" href=\"https:\/\/superiorflooring.ca\/fr\/privacy-policy\/\" \/>\n<meta property=\"og:locale\" content=\"fr_CA\" \/>\n<meta property=\"og:type\" content=\"article\" \/>\n<meta property=\"og:title\" content=\"Privacy Policy - Superior Flooring\" \/>\n<meta property=\"og:description\" content=\"PrivacyPolicy LEGAL NOTICES AND TERMS OF USE This World Wide Web site is owned and operated...\" \/>\n<meta property=\"og:url\" content=\"https:\/\/superiorflooring.ca\/fr\/privacy-policy\/\" \/>\n<meta property=\"og:site_name\" content=\"Superior Flooring\" \/>\n<meta property=\"article:modified_time\" content=\"2024-06-20T15:35:29+00:00\" \/>\n<meta name=\"twitter:card\" content=\"summary_large_image\" \/>\n<meta name=\"twitter:label1\" content=\"Estimation du temps de lecture\" \/>\n\t<meta name=\"twitter:data1\" content=\"5 minutes\" \/>\n<script type=\"application\/ld+json\" class=\"yoast-schema-graph\">{\"@context\":\"https:\\\/\\\/schema.org\",\"@graph\":[{\"@type\":\"WebPage\",\"@id\":\"https:\\\/\\\/superiorflooring.ca\\\/privacy-policy\\\/\",\"url\":\"https:\\\/\\\/superiorflooring.ca\\\/privacy-policy\\\/\",\"name\":\"Privacy Policy - Superior Flooring\",\"isPartOf\":{\"@id\":\"https:\\\/\\\/superiorflooring.ca\\\/#website\"},\"datePublished\":\"2021-03-17T19:47:38+00:00\",\"dateModified\":\"2024-06-20T15:35:29+00:00\",\"breadcrumb\":{\"@id\":\"https:\\\/\\\/superiorflooring.ca\\\/privacy-policy\\\/#breadcrumb\"},\"inLanguage\":\"fr-CA\",\"potentialAction\":[{\"@type\":\"ReadAction\",\"target\":[\"https:\\\/\\\/superiorflooring.ca\\\/privacy-policy\\\/\"]}]},{\"@type\":\"BreadcrumbList\",\"@id\":\"https:\\\/\\\/superiorflooring.ca\\\/privacy-policy\\\/#breadcrumb\",\"itemListElement\":[{\"@type\":\"ListItem\",\"position\":1,\"name\":\"Home\",\"item\":\"https:\\\/\\\/superiorflooring.ca\\\/\"},{\"@type\":\"ListItem\",\"position\":2,\"name\":\"Privacy Policy\"}]},{\"@type\":\"WebSite\",\"@id\":\"https:\\\/\\\/superiorflooring.ca\\\/#website\",\"url\":\"https:\\\/\\\/superiorflooring.ca\\\/\",\"name\":\"Superior Flooring\",\"description\":\"North American Wood Flooring Products\",\"publisher\":{\"@id\":\"https:\\\/\\\/superiorflooring.ca\\\/#organization\"},\"potentialAction\":[{\"@type\":\"SearchAction\",\"target\":{\"@type\":\"EntryPoint\",\"urlTemplate\":\"https:\\\/\\\/superiorflooring.ca\\\/?s={search_term_string}\"},\"query-input\":{\"@type\":\"PropertyValueSpecification\",\"valueRequired\":true,\"valueName\":\"search_term_string\"}}],\"inLanguage\":\"fr-CA\"},{\"@type\":\"Organization\",\"@id\":\"https:\\\/\\\/superiorflooring.ca\\\/#organization\",\"name\":\"Superior Flooring\",\"url\":\"https:\\\/\\\/superiorflooring.ca\\\/\",\"logo\":{\"@type\":\"ImageObject\",\"inLanguage\":\"fr-CA\",\"@id\":\"https:\\\/\\\/superiorflooring.ca\\\/#\\\/schema\\\/logo\\\/image\\\/\",\"url\":\"https:\\\/\\\/www.superiorflooring.ca\\\/wp-content\\\/uploads\\\/2021\\\/01\\\/cropped-footer_logo.png\",\"contentUrl\":\"https:\\\/\\\/www.superiorflooring.ca\\\/wp-content\\\/uploads\\\/2021\\\/01\\\/cropped-footer_logo.png\",\"width\":512,\"height\":512,\"caption\":\"Superior Flooring\"},\"image\":{\"@id\":\"https:\\\/\\\/superiorflooring.ca\\\/#\\\/schema\\\/logo\\\/image\\\/\"}}]}<\/script>\n<!-- \/ Yoast SEO plugin. -->","yoast_head_json":{"title":"Privacy Policy - Superior Flooring","robots":{"index":"index","follow":"follow","max-snippet":"max-snippet:-1","max-image-preview":"max-image-preview:large","max-video-preview":"max-video-preview:-1"},"canonical":"https:\/\/superiorflooring.ca\/fr\/privacy-policy\/","og_locale":"fr_CA","og_type":"article","og_title":"Privacy Policy - Superior Flooring","og_description":"PrivacyPolicy LEGAL NOTICES AND TERMS OF USE This World Wide Web site is owned and operated...","og_url":"https:\/\/superiorflooring.ca\/fr\/privacy-policy\/","og_site_name":"Superior Flooring","article_modified_time":"2024-06-20T15:35:29+00:00","twitter_card":"summary_large_image","twitter_misc":{"Estimation du temps de lecture":"5 minutes"},"schema":{"@context":"https:\/\/schema.org","@graph":[{"@type":"WebPage","@id":"https:\/\/superiorflooring.ca\/privacy-policy\/","url":"https:\/\/superiorflooring.ca\/privacy-policy\/","name":"Privacy Policy - Superior Flooring","isPartOf":{"@id":"https:\/\/superiorflooring.ca\/#website"},"datePublished":"2021-03-17T19:47:38+00:00","dateModified":"2024-06-20T15:35:29+00:00","breadcrumb":{"@id":"https:\/\/superiorflooring.ca\/privacy-policy\/#breadcrumb"},"inLanguage":"fr-CA","potentialAction":[{"@type":"ReadAction","target":["https:\/\/superiorflooring.ca\/privacy-policy\/"]}]},{"@type":"BreadcrumbList","@id":"https:\/\/superiorflooring.ca\/privacy-policy\/#breadcrumb","itemListElement":[{"@type":"ListItem","position":1,"name":"Home","item":"https:\/\/superiorflooring.ca\/"},{"@type":"ListItem","position":2,"name":"Privacy Policy"}]},{"@type":"WebSite","@id":"https:\/\/superiorflooring.ca\/#website","url":"https:\/\/superiorflooring.ca\/","name":"Superior Flooring","description":"North American Wood Flooring Products","publisher":{"@id":"https:\/\/superiorflooring.ca\/#organization"},"potentialAction":[{"@type":"SearchAction","target":{"@type":"EntryPoint","urlTemplate":"https:\/\/superiorflooring.ca\/?s={search_term_string}"},"query-input":{"@type":"PropertyValueSpecification","valueRequired":true,"valueName":"search_term_string"}}],"inLanguage":"fr-CA"},{"@type":"Organization","@id":"https:\/\/superiorflooring.ca\/#organization","name":"Superior Flooring","url":"https:\/\/superiorflooring.ca\/","logo":{"@type":"ImageObject","inLanguage":"fr-CA","@id":"https:\/\/superiorflooring.ca\/#\/schema\/logo\/image\/","url":"https:\/\/www.superiorflooring.ca\/wp-content\/uploads\/2021\/01\/cropped-footer_logo.png","contentUrl":"https:\/\/www.superiorflooring.ca\/wp-content\/uploads\/2021\/01\/cropped-footer_logo.png","width":512,"height":512,"caption":"Superior Flooring"},"image":{"@id":"https:\/\/superiorflooring.ca\/#\/schema\/logo\/image\/"}}]}},"_links":{"self":[{"href":"https:\/\/superiorflooring.ca\/fr\/wp-json\/wp\/v2\/pages\/552","targetHints":{"allow":["GET"]}}],"collection":[{"href":"https:\/\/superiorflooring.ca\/fr\/wp-json\/wp\/v2\/pages"}],"about":[{"href":"https:\/\/superiorflooring.ca\/fr\/wp-json\/wp\/v2\/types\/page"}],"author":[{"embeddable":true,"href":"https:\/\/superiorflooring.ca\/fr\/wp-json\/wp\/v2\/users\/1"}],"replies":[{"embeddable":true,"href":"https:\/\/superiorflooring.ca\/fr\/wp-json\/wp\/v2\/comments?post=552"}],"version-history":[{"count":0,"href":"https:\/\/superiorflooring.ca\/fr\/wp-json\/wp\/v2\/pages\/552\/revisions"}],"wp:attachment":[{"href":"https:\/\/superiorflooring.ca\/fr\/wp-json\/wp\/v2\/media?parent=552"}],"curies":[{"name":"wp","href":"https:\/\/api.w.org\/{rel}","templated":true}]}}